{"id":1002829,"date":"2021-04-22T09:41:11","date_gmt":"2021-04-22T08:41:11","guid":{"rendered":"https:\/\/odigo.com\/informacion-legal\/"},"modified":"2026-03-18T13:09:32","modified_gmt":"2026-03-18T12:09:32","slug":"informacion-legal","status":"publish","type":"page","link":"https:\/\/odigo.com\/es\/informacion-legal\/","title":{"rendered":"Informaci\u00f3n legal"},"content":{"rendered":"\t\t<div data-elementor-type=\"wp-page\" data-elementor-id=\"1002829\" class=\"elementor elementor-1002829 elementor-193894\" data-elementor-post-type=\"page\">\n\t\t\t\t<div class=\"elementor-element elementor-element-4239c4c6 e-flex e-con-boxed e-con e-parent\" data-id=\"4239c4c6\" data-element_type=\"container\" data-e-type=\"container\">\n\t\t\t\t\t<div class=\"e-con-inner\">\n\t\t\t\t<div class=\"elementor-element elementor-element-be608c4 elementor-widget elementor-widget-heading\" data-id=\"be608c4\" data-element_type=\"widget\" data-e-type=\"widget\" data-widget_type=\"heading.default\">\n\t\t\t\t\t<h1 class=\"elementor-heading-title elementor-size-default\">Informaci\u00f3n legal<\/h1>\t\t\t\t<\/div>\n\t\t\t\t<div class=\"elementor-element elementor-element-4bcc8d22 elementor-widget elementor-widget-text-editor\" data-id=\"4bcc8d22\" data-element_type=\"widget\" data-e-type=\"widget\" data-widget_type=\"text-editor.default\">\n\t\t\t\t\t\t\t\t\t<h3>Nombre de la empresa: Odigo<\/h3><p><strong>Domicilio social:<\/strong><br>M\u00e9tal 57<br>Odigo SAS<br>50 cours de l&#8217;Ile Seguin <br>92100 Boulogne-Billancourt  <\/p><p><strong>Forma jur\u00eddica: <\/strong>soci\u00e9t\u00e9 par actions simplifi\u00e9e (sociedad por acciones simplificada) con un \u00fanico accionista<\/p><p><strong>RCS :<\/strong> Nanterre 529 038 978<\/p><p><strong>N\u00famero de IVA intracomunitario:<\/strong> FR 36 529 038 978<\/p><p>Sociedad por acciones simplificada con un capital de : 86.883.148 \u20ac.<\/p><p><strong>Director de la publicaci\u00f3n:<\/strong> Herv\u00e9 Leroux<\/p><p><strong>Redactora jefe:<\/strong> C\u00e9line Ulpiano<\/p><p><strong>Alojamiento web :<\/strong><\/p><p>Automattic Inc<br>60 29th Street #343<br>San Francisco, CA 94110<br>Tel. : (877) 273-3049<\/p><p>Si tienes alg\u00fan problema con el contenido de este sitio, ponte en contacto con nosotros en <a href=\"mailto:contact.odigo.fr@odigo.com\">contact.odigo.fr@odigo.com.<\/a><\/p>\t\t\t\t\t\t\t\t<\/div>\n\t\t\t\t\t<\/div>\n\t\t\t\t<\/div>\n\t\t\t\t<\/div>\n\t\t","protected":false},"excerpt":{"rendered":"<p>Informaci\u00f3n legal Nombre de la empresa: Odigo Domicilio social:M\u00e9tal 57Odigo SAS50 cours de l&#8217;Ile Seguin 92100 Boulogne-Billancourt Forma jur\u00eddica: soci\u00e9t\u00e9 par actions simplifi\u00e9e (sociedad por acciones simplificada) con un \u00fanico accionista RCS : Nanterre 529 038 978 N\u00famero de IVA intracomunitario: FR 36 529 038 978 Sociedad por acciones simplificada con un capital de : [&hellip;]<\/p>\n","protected":false},"author":2,"featured_media":0,"parent":0,"menu_order":0,"comment_status":"closed","ping_status":"closed","template":"","meta":{"_acf_changed":false,"footnotes":""},"topic":[],"class_list":["post-1002829","page","type-page","status-publish","hentry"],"acf":[],"yoast_head":"<!-- This site is optimized with the Yoast SEO plugin v27.3 - https:\/\/yoast.com\/product\/yoast-seo-wordpress\/ -->\n<title>Informaci\u00f3n legal | Odigo<\/title>\n<meta name=\"description\" content=\"Consulta el aviso legal de Odigo para obtener informaci\u00f3n oficial y las condiciones de uso de nuestro sitio.\" \/>\n<meta name=\"robots\" content=\"index, follow, max-snippet:-1, max-image-preview:large, max-video-preview:-1\" \/>\n<link rel=\"canonical\" href=\"https:\/\/odigo.com\/es\/informacion-legal\/\" \/>\n<meta property=\"og:locale\" content=\"es_ES\" \/>\n<meta property=\"og:type\" content=\"article\" \/>\n<meta property=\"og:title\" content=\"Informaci\u00f3n legal | Odigo\" \/>\n<meta property=\"og:description\" content=\"Consulta el aviso legal de Odigo para obtener informaci\u00f3n oficial y las condiciones de uso de nuestro sitio.\" \/>\n<meta property=\"og:url\" content=\"https:\/\/odigo.com\/es\/informacion-legal\/\" \/>\n<meta property=\"og:site_name\" content=\"Odigo\" \/>\n<meta property=\"article:modified_time\" content=\"2026-03-18T12:09:32+00:00\" \/>\n<meta name=\"twitter:card\" content=\"summary_large_image\" \/>\n<script type=\"application\/ld+json\" class=\"yoast-schema-graph\">{\"@context\":\"https:\\\/\\\/schema.org\",\"@graph\":[{\"@type\":\"WebPage\",\"@id\":\"https:\\\/\\\/odigo.com\\\/es\\\/informacion-legal\\\/\",\"url\":\"https:\\\/\\\/odigo.com\\\/es\\\/informacion-legal\\\/\",\"name\":\"Informaci\u00f3n legal | Odigo\",\"isPartOf\":{\"@id\":\"https:\\\/\\\/odigo.com\\\/es\\\/#website\"},\"datePublished\":\"2021-04-22T08:41:11+00:00\",\"dateModified\":\"2026-03-18T12:09:32+00:00\",\"description\":\"Consulta el aviso legal de Odigo para obtener informaci\u00f3n oficial y las condiciones de uso de nuestro sitio.\",\"breadcrumb\":{\"@id\":\"https:\\\/\\\/odigo.com\\\/es\\\/informacion-legal\\\/#breadcrumb\"},\"inLanguage\":\"es\",\"potentialAction\":[{\"@type\":\"ReadAction\",\"target\":[\"https:\\\/\\\/odigo.com\\\/es\\\/informacion-legal\\\/\"]}]},{\"@type\":\"BreadcrumbList\",\"@id\":\"https:\\\/\\\/odigo.com\\\/es\\\/informacion-legal\\\/#breadcrumb\",\"itemListElement\":[{\"@type\":\"ListItem\",\"position\":1,\"name\":\"Accueil\",\"item\":\"https:\\\/\\\/odigo.com\\\/es\\\/\"},{\"@type\":\"ListItem\",\"position\":2,\"name\":\"Informaci\u00f3n legal\"}]},{\"@type\":\"WebSite\",\"@id\":\"https:\\\/\\\/odigo.com\\\/es\\\/#website\",\"url\":\"https:\\\/\\\/odigo.com\\\/es\\\/\",\"name\":\"Odigo\",\"description\":\"\",\"publisher\":{\"@id\":\"https:\\\/\\\/odigo.com\\\/es\\\/#organization\"},\"potentialAction\":[{\"@type\":\"SearchAction\",\"target\":{\"@type\":\"EntryPoint\",\"urlTemplate\":\"https:\\\/\\\/odigo.com\\\/es\\\/?s={search_term_string}\"},\"query-input\":{\"@type\":\"PropertyValueSpecification\",\"valueRequired\":true,\"valueName\":\"search_term_string\"}}],\"inLanguage\":\"es\"},{\"@type\":\"Organization\",\"@id\":\"https:\\\/\\\/odigo.com\\\/es\\\/#organization\",\"name\":\"Odigo\",\"url\":\"https:\\\/\\\/odigo.com\\\/es\\\/\",\"logo\":{\"@type\":\"ImageObject\",\"inLanguage\":\"es\",\"@id\":\"https:\\\/\\\/odigo.com\\\/es\\\/#\\\/schema\\\/logo\\\/image\\\/\",\"url\":\"https:\\\/\\\/odigo.com\\\/wp-content\\\/uploads\\\/2026\\\/03\\\/logo-odigo.svg\",\"contentUrl\":\"https:\\\/\\\/odigo.com\\\/wp-content\\\/uploads\\\/2026\\\/03\\\/logo-odigo.svg\",\"caption\":\"Odigo\"},\"image\":{\"@id\":\"https:\\\/\\\/odigo.com\\\/es\\\/#\\\/schema\\\/logo\\\/image\\\/\"}}]}<\/script>\n<!-- \/ Yoast SEO plugin. -->","yoast_head_json":{"title":"Informaci\u00f3n legal | Odigo","description":"Consulta el aviso legal de Odigo para obtener informaci\u00f3n oficial y las condiciones de uso de nuestro sitio.","robots":{"index":"index","follow":"follow","max-snippet":"max-snippet:-1","max-image-preview":"max-image-preview:large","max-video-preview":"max-video-preview:-1"},"canonical":"https:\/\/odigo.com\/es\/informacion-legal\/","og_locale":"es_ES","og_type":"article","og_title":"Informaci\u00f3n legal | Odigo","og_description":"Consulta el aviso legal de Odigo para obtener informaci\u00f3n oficial y las condiciones de uso de nuestro sitio.","og_url":"https:\/\/odigo.com\/es\/informacion-legal\/","og_site_name":"Odigo","article_modified_time":"2026-03-18T12:09:32+00:00","twitter_card":"summary_large_image","schema":{"@context":"https:\/\/schema.org","@graph":[{"@type":"WebPage","@id":"https:\/\/odigo.com\/es\/informacion-legal\/","url":"https:\/\/odigo.com\/es\/informacion-legal\/","name":"Informaci\u00f3n legal | Odigo","isPartOf":{"@id":"https:\/\/odigo.com\/es\/#website"},"datePublished":"2021-04-22T08:41:11+00:00","dateModified":"2026-03-18T12:09:32+00:00","description":"Consulta el aviso legal de Odigo para obtener informaci\u00f3n oficial y las condiciones de uso de nuestro sitio.","breadcrumb":{"@id":"https:\/\/odigo.com\/es\/informacion-legal\/#breadcrumb"},"inLanguage":"es","potentialAction":[{"@type":"ReadAction","target":["https:\/\/odigo.com\/es\/informacion-legal\/"]}]},{"@type":"BreadcrumbList","@id":"https:\/\/odigo.com\/es\/informacion-legal\/#breadcrumb","itemListElement":[{"@type":"ListItem","position":1,"name":"Accueil","item":"https:\/\/odigo.com\/es\/"},{"@type":"ListItem","position":2,"name":"Informaci\u00f3n legal"}]},{"@type":"WebSite","@id":"https:\/\/odigo.com\/es\/#website","url":"https:\/\/odigo.com\/es\/","name":"Odigo","description":"","publisher":{"@id":"https:\/\/odigo.com\/es\/#organization"},"potentialAction":[{"@type":"SearchAction","target":{"@type":"EntryPoint","urlTemplate":"https:\/\/odigo.com\/es\/?s={search_term_string}"},"query-input":{"@type":"PropertyValueSpecification","valueRequired":true,"valueName":"search_term_string"}}],"inLanguage":"es"},{"@type":"Organization","@id":"https:\/\/odigo.com\/es\/#organization","name":"Odigo","url":"https:\/\/odigo.com\/es\/","logo":{"@type":"ImageObject","inLanguage":"es","@id":"https:\/\/odigo.com\/es\/#\/schema\/logo\/image\/","url":"https:\/\/odigo.com\/wp-content\/uploads\/2026\/03\/logo-odigo.svg","contentUrl":"https:\/\/odigo.com\/wp-content\/uploads\/2026\/03\/logo-odigo.svg","caption":"Odigo"},"image":{"@id":"https:\/\/odigo.com\/es\/#\/schema\/logo\/image\/"}}]}},"_links":{"self":[{"href":"https:\/\/odigo.com\/es\/wp-json\/wp\/v2\/pages\/1002829","targetHints":{"allow":["GET"]}}],"collection":[{"href":"https:\/\/odigo.com\/es\/wp-json\/wp\/v2\/pages"}],"about":[{"href":"https:\/\/odigo.com\/es\/wp-json\/wp\/v2\/types\/page"}],"author":[{"embeddable":true,"href":"https:\/\/odigo.com\/es\/wp-json\/wp\/v2\/users\/2"}],"replies":[{"embeddable":true,"href":"https:\/\/odigo.com\/es\/wp-json\/wp\/v2\/comments?post=1002829"}],"version-history":[{"count":1,"href":"https:\/\/odigo.com\/es\/wp-json\/wp\/v2\/pages\/1002829\/revisions"}],"predecessor-version":[{"id":1002831,"href":"https:\/\/odigo.com\/es\/wp-json\/wp\/v2\/pages\/1002829\/revisions\/1002831"}],"wp:attachment":[{"href":"https:\/\/odigo.com\/es\/wp-json\/wp\/v2\/media?parent=1002829"}],"wp:term":[{"taxonomy":"topic","embeddable":true,"href":"https:\/\/odigo.com\/es\/wp-json\/wp\/v2\/topic?post=1002829"}],"curies":[{"name":"wp","href":"https:\/\/api.w.org\/{rel}","templated":true}]}}