{"id":1002956,"date":"2026-03-12T19:31:19","date_gmt":"2026-03-12T18:31:19","guid":{"rendered":"https:\/\/odigo.com\/solicita-una-demostracion\/"},"modified":"2026-04-02T15:30:36","modified_gmt":"2026-04-02T14:30:36","slug":"solicita-una-demostracion","status":"publish","type":"page","link":"https:\/\/odigo.com\/es\/solicita-una-demostracion\/","title":{"rendered":"Solicita una demostraci\u00f3n"},"content":{"rendered":"\t\t<div data-elementor-type=\"wp-page\" data-elementor-id=\"1002956\" class=\"elementor elementor-1002956 elementor-200546\" data-elementor-post-type=\"page\">\n\t\t\t\t<div class=\"elementor-element elementor-element-ed9fa35 e-flex e-con-boxed e-con e-parent\" data-id=\"ed9fa35\" data-element_type=\"container\" data-e-type=\"container\" data-settings=\"{&quot;background_background&quot;:&quot;gradient&quot;}\">\n\t\t\t\t\t<div class=\"e-con-inner\">\n\t\t<div class=\"elementor-element elementor-element-e55e921 e-con-full e-flex e-con e-child\" data-id=\"e55e921\" data-element_type=\"container\" data-e-type=\"container\">\n\t\t\t\t<div class=\"elementor-element elementor-element-b354a47 elementor-widget elementor-widget-heading\" data-id=\"b354a47\" data-element_type=\"widget\" data-e-type=\"widget\" data-widget_type=\"heading.default\">\n\t\t\t\t\t<h1 class=\"elementor-heading-title elementor-size-default\">Solicita una demostraci\u00f3n personalizada en <br><\/h1>\t\t\t\t<\/div>\n\t\t\t\t<div class=\"elementor-element elementor-element-7a63339 elementor-widget elementor-widget-text-editor\" data-id=\"7a63339\" data-element_type=\"widget\" data-e-type=\"widget\" data-widget_type=\"text-editor.default\">\n\t\t\t\t\t\t\t\t\t<p>Sabemos que est\u00e1s ocupado&#8230; Aprovecha al m\u00e1ximo la colaboraci\u00f3n con nuestros expertos y encuentra la soluci\u00f3n m\u00e1s adecuada para ti.<\/p>\t\t\t\t\t\t\t\t<\/div>\n\t\t\t\t<div class=\"elementor-element elementor-element-8027248 elementor-icon-list--layout-traditional elementor-list-item-link-full_width elementor-widget elementor-widget-icon-list\" data-id=\"8027248\" data-element_type=\"widget\" data-e-type=\"widget\" data-widget_type=\"icon-list.default\">\n\t\t\t\t\t\t\t<ul class=\"elementor-icon-list-items\">\n\t\t\t\t\t\t\t<li class=\"elementor-icon-list-item\">\n\t\t\t\t\t\t\t\t\t\t\t<span class=\"elementor-icon-list-icon\">\n\t\t\t\t\t\t\t<svg xmlns=\"http:\/\/www.w3.org\/2000\/svg\" width=\"14\" height=\"10\" viewBox=\"0 0 14 10\" fill=\"none\"><path fill-rule=\"evenodd\" clip-rule=\"evenodd\" d=\"M13.5167 0.223579C13.8148 0.521684 13.8148 1.00501 13.5167 1.30311L5.11985 9.69992C4.82174 9.99803 4.33842 9.99803 4.04031 9.69992L0.223579 5.88319C-0.0745263 5.58509 -0.0745263 5.10176 0.223579 4.80366C0.521684 4.50555 1.00501 4.50555 1.30311 4.80366L4.58008 8.08062L12.4371 0.223579C12.7352 -0.0745263 13.2185 -0.0745263 13.5167 0.223579Z\" fill=\"#FF3466\"><\/path><\/svg>\t\t\t\t\t\t<\/span>\n\t\t\t\t\t\t\t\t\t\t<span class=\"elementor-icon-list-text\">Una demostraci\u00f3n personalizada, sean cuales sean los retos o actividades de tu organizaci\u00f3n<\/span>\n\t\t\t\t\t\t\t\t\t<\/li>\n\t\t\t\t\t\t\t\t<li class=\"elementor-icon-list-item\">\n\t\t\t\t\t\t\t\t\t\t\t<span class=\"elementor-icon-list-icon\">\n\t\t\t\t\t\t\t<svg xmlns=\"http:\/\/www.w3.org\/2000\/svg\" width=\"14\" height=\"10\" viewBox=\"0 0 14 10\" fill=\"none\"><path fill-rule=\"evenodd\" clip-rule=\"evenodd\" d=\"M13.5167 0.223579C13.8148 0.521684 13.8148 1.00501 13.5167 1.30311L5.11985 9.69992C4.82174 9.99803 4.33842 9.99803 4.04031 9.69992L0.223579 5.88319C-0.0745263 5.58509 -0.0745263 5.10176 0.223579 4.80366C0.521684 4.50555 1.00501 4.50555 1.30311 4.80366L4.58008 8.08062L12.4371 0.223579C12.7352 -0.0745263 13.2185 -0.0745263 13.5167 0.223579Z\" fill=\"#FF3466\"><\/path><\/svg>\t\t\t\t\t\t<\/span>\n\t\t\t\t\t\t\t\t\t\t<span class=\"elementor-icon-list-text\">Respuestas precisas y detalladas a todas tus preguntas sobre nuestras soluciones y servicios<\/span>\n\t\t\t\t\t\t\t\t\t<\/li>\n\t\t\t\t\t\t\t\t<li class=\"elementor-icon-list-item\">\n\t\t\t\t\t\t\t\t\t\t\t<span class=\"elementor-icon-list-icon\">\n\t\t\t\t\t\t\t<svg xmlns=\"http:\/\/www.w3.org\/2000\/svg\" width=\"14\" height=\"10\" viewBox=\"0 0 14 10\" fill=\"none\"><path fill-rule=\"evenodd\" clip-rule=\"evenodd\" d=\"M13.5167 0.223579C13.8148 0.521684 13.8148 1.00501 13.5167 1.30311L5.11985 9.69992C4.82174 9.99803 4.33842 9.99803 4.04031 9.69992L0.223579 5.88319C-0.0745263 5.58509 -0.0745263 5.10176 0.223579 4.80366C0.521684 4.50555 1.00501 4.50555 1.30311 4.80366L4.58008 8.08062L12.4371 0.223579C12.7352 -0.0745263 13.2185 -0.0745263 13.5167 0.223579Z\" fill=\"#FF3466\"><\/path><\/svg>\t\t\t\t\t\t<\/span>\n\t\t\t\t\t\t\t\t\t\t<span class=\"elementor-icon-list-text\">Una mejor comprensi\u00f3n de nuestras capacidades actuales y un atisbo de lo que tenemos en reserva<\/span>\n\t\t\t\t\t\t\t\t\t<\/li>\n\t\t\t\t\t\t<\/ul>\n\t\t\t\t\t\t<\/div>\n\t\t\t\t<\/div>\n\t\t<div class=\"elementor-element elementor-element-a1a9c23 e-con-full e-flex e-con e-child\" data-id=\"a1a9c23\" data-element_type=\"container\" data-e-type=\"container\">\n\t\t<div class=\"elementor-element elementor-element-32ea7fd e-con-full e-flex e-con e-child\" data-id=\"32ea7fd\" data-element_type=\"container\" data-e-type=\"container\" data-settings=\"{&quot;background_background&quot;:&quot;classic&quot;}\">\n\t\t\t\t<div class=\"elementor-element elementor-element-b818524 elementor-widget elementor-widget-text-editor\" data-id=\"b818524\" data-element_type=\"widget\" data-e-type=\"widget\" data-widget_type=\"text-editor.default\">\n\t\t\t\t\t\t\t\t\t<p>Introduce tus datos y un experto se pondr\u00e1 en contacto contigo.<\/p>\t\t\t\t\t\t\t\t<\/div>\n\t\t\t\t<div class=\"elementor-element elementor-element-64b73dc elementor-button-align-center elementor-widget elementor-widget-form\" data-id=\"64b73dc\" data-element_type=\"widget\" data-e-type=\"widget\" id=\"request_demo_form\" data-settings=\"{&quot;step_next_label&quot;:&quot;Contin\\u00faa en&quot;,&quot;step_previous_label&quot;:&quot;Anterior&quot;,&quot;step_type&quot;:&quot;none&quot;,&quot;button_width&quot;:&quot;100&quot;,&quot;step_icon_shape&quot;:&quot;circle&quot;}\" data-widget_type=\"form.default\">\n\t\t\t\t\t\t\t<form class=\"elementor-form\" method=\"post\" id=\"request_demo_form\" name=\"SP Demo request form\" aria-label=\"SP Demo request form\" novalidate=\"\">\n\t\t\t<input type=\"hidden\" name=\"post_id\" value=\"1002956\"\/>\n\t\t\t<input type=\"hidden\" name=\"form_id\" value=\"64b73dc\"\/>\n\t\t\t<input type=\"hidden\" name=\"referer_title\" value=\"Odigo\" \/>\n\n\t\t\t\n\t\t\t<div class=\"elementor-form-fields-wrapper elementor-labels-above\">\n\t\t\t\t\t\t\t\t<div class=\"elementor-field-type-step elementor-field-group elementor-column elementor-field-group-field_993e439 elementor-col-100\">\n\t\t\t\t\t\t\t<div class=\"e-field-step elementor-hidden\" data-label=\"Env\u00eda un correo electr\u00f3nico a\" data-previousButton=\"\" data-nextButton=\"Contin\u00faa en\" data-iconUrl=\"\" data-iconLibrary=\"fas fa-star\" data-icon=\"&lt;svg class=&quot;e-font-icon-svg e-fas-star&quot; viewBox=&quot;0 0 576 512&quot; xmlns=&quot;http:\/\/www.w3.org\/2000\/svg&quot;&gt;&lt;path d=&quot;M259.3 17.8L194 150.2 47.9 171.5c-26.2 3.8-36.7 36.1-17.7 54.6l105.7 103-25 145.5c-4.5 26.3 23.2 46 46.4 33.7L288 439.6l130.7 68.7c23.2 12.2 50.9-7.4 46.4-33.7l-25-145.5 105.7-103c19-18.5 8.5-50.8-17.7-54.6L382 150.2 316.7 17.8c-11.7-23.6-45.6-23.9-57.4 0z&quot;&gt;&lt;\/path&gt;&lt;\/svg&gt;\" ><\/div>\n\n\t\t\t\t\t\t<\/div>\n\t\t\t\t\t\t\t\t<div class=\"elementor-field-type-email elementor-field-group elementor-column elementor-field-group-emailaddress1 elementor-col-100 elementor-field-required elementor-mark-required\">\n\t\t\t\t\t\t\t\t\t\t\t\t<label for=\"form-field-emailaddress1\" class=\"elementor-field-label\">\n\t\t\t\t\t\t\t\tCorreo electr\u00f3nico\t\t\t\t\t\t\t<\/label>\n\t\t\t\t\t\t\t\t\t\t\t\t\t\t<input size=\"1\" type=\"email\" name=\"form_fields[emailaddress1]\" id=\"form-field-emailaddress1\" class=\"elementor-field elementor-size-sm  elementor-field-textual\" required=\"required\">\n\t\t\t\t\t\t\t\t\t\t\t<\/div>\n\t\t\t\t\t\t\t\t<div class=\"elementor-field-type-step elementor-field-group elementor-column elementor-field-group-field_91f2f44 elementor-col-100\">\n\t\t\t\t\t\t\t<div class=\"e-field-step elementor-hidden\" data-label=\"Detalles\" data-previousButton=\"\" data-nextButton=\"\" data-iconUrl=\"\" data-iconLibrary=\"fas fa-star\" data-icon=\"&lt;svg class=&quot;e-font-icon-svg e-fas-star&quot; viewBox=&quot;0 0 576 512&quot; xmlns=&quot;http:\/\/www.w3.org\/2000\/svg&quot;&gt;&lt;path d=&quot;M259.3 17.8L194 150.2 47.9 171.5c-26.2 3.8-36.7 36.1-17.7 54.6l105.7 103-25 145.5c-4.5 26.3 23.2 46 46.4 33.7L288 439.6l130.7 68.7c23.2 12.2 50.9-7.4 46.4-33.7l-25-145.5 105.7-103c19-18.5 8.5-50.8-17.7-54.6L382 150.2 316.7 17.8c-11.7-23.6-45.6-23.9-57.4 0z&quot;&gt;&lt;\/path&gt;&lt;\/svg&gt;\" ><\/div>\n\n\t\t\t\t\t\t<\/div>\n\t\t\t\t\t\t\t\t<div class=\"elementor-field-type-text elementor-field-group elementor-column elementor-field-group-firstname elementor-col-50 elementor-field-required elementor-mark-required\">\n\t\t\t\t\t\t\t\t\t\t\t\t<label for=\"form-field-firstname\" class=\"elementor-field-label\">\n\t\t\t\t\t\t\t\tNombre\t\t\t\t\t\t\t<\/label>\n\t\t\t\t\t\t\t\t\t\t\t\t\t\t<input size=\"1\" type=\"text\" name=\"form_fields[firstname]\" id=\"form-field-firstname\" class=\"elementor-field elementor-size-sm  elementor-field-textual\" required=\"required\">\n\t\t\t\t\t\t\t\t\t\t\t<\/div>\n\t\t\t\t\t\t\t\t<div class=\"elementor-field-type-text elementor-field-group elementor-column elementor-field-group-lastname elementor-col-50 elementor-field-required elementor-mark-required\">\n\t\t\t\t\t\t\t\t\t\t\t\t<label for=\"form-field-lastname\" class=\"elementor-field-label\">\n\t\t\t\t\t\t\t\tNombre\t\t\t\t\t\t\t<\/label>\n\t\t\t\t\t\t\t\t\t\t\t\t\t\t<input size=\"1\" type=\"text\" name=\"form_fields[lastname]\" id=\"form-field-lastname\" class=\"elementor-field elementor-size-sm  elementor-field-textual\" required=\"required\">\n\t\t\t\t\t\t\t\t\t\t\t<\/div>\n\t\t\t\t\t\t\t\t<div class=\"elementor-field-type-text elementor-field-group elementor-column elementor-field-group-tech_companyname elementor-col-50 elementor-field-required elementor-mark-required\">\n\t\t\t\t\t\t\t\t\t\t\t\t<label for=\"form-field-tech_companyname\" class=\"elementor-field-label\">\n\t\t\t\t\t\t\t\tEmpresa\t\t\t\t\t\t\t<\/label>\n\t\t\t\t\t\t\t\t\t\t\t\t\t\t<input size=\"1\" type=\"text\" name=\"form_fields[tech_companyname]\" id=\"form-field-tech_companyname\" class=\"elementor-field elementor-size-sm  elementor-field-textual\" required=\"required\">\n\t\t\t\t\t\t\t\t\t\t\t<\/div>\n\t\t\t\t\t\t\t\t<div class=\"elementor-field-type-text elementor-field-group elementor-column elementor-field-group-jobtitle elementor-col-50 elementor-field-required elementor-mark-required\">\n\t\t\t\t\t\t\t\t\t\t\t\t<label for=\"form-field-jobtitle\" class=\"elementor-field-label\">\n\t\t\t\t\t\t\t\tPuesto\t\t\t\t\t\t\t<\/label>\n\t\t\t\t\t\t\t\t\t\t\t\t\t\t<input size=\"1\" type=\"text\" name=\"form_fields[jobtitle]\" id=\"form-field-jobtitle\" class=\"elementor-field elementor-size-sm  elementor-field-textual\" required=\"required\">\n\t\t\t\t\t\t\t\t\t\t\t<\/div>\n\t\t\t\t\t\t\t\t<div class=\"elementor-field-type-tel elementor-field-group elementor-column elementor-field-group-telephone1 elementor-col-50\">\n\t\t\t\t\t\t\t\t\t\t\t\t<label for=\"form-field-telephone1\" class=\"elementor-field-label\">\n\t\t\t\t\t\t\t\tTel\u00e9fono  \t\t\t\t\t\t\t<\/label>\n\t\t\t\t\t\t\t\t<input size=\"1\" type=\"tel\" name=\"form_fields[telephone1]\" id=\"form-field-telephone1\" class=\"elementor-field elementor-size-sm  elementor-field-textual\" pattern=\"[0-9()#&amp;+*-=.]+\" title=\"Solo se aceptan n\u00fameros y caracteres de tel\u00e9fono (#,-,*,etc).\">\n\n\t\t\t\t\t\t<\/div>\n\t\t\t\t\t\t\t\t<div class=\"elementor-field-type-text elementor-field-group elementor-column elementor-field-group-address1_country elementor-col-50 elementor-field-required elementor-mark-required\">\n\t\t\t\t\t\t\t\t\t\t\t\t<label for=\"form-field-address1_country\" class=\"elementor-field-label\">\n\t\t\t\t\t\t\t\tPa\u00eds\t\t\t\t\t\t\t<\/label>\n\t\t\t\t\t\t\t\t\t\t\t\t\t\t<input size=\"1\" type=\"text\" name=\"form_fields[address1_country]\" id=\"form-field-address1_country\" class=\"elementor-field elementor-size-sm  elementor-field-textual\" required=\"required\">\n\t\t\t\t\t\t\t\t\t\t\t<\/div>\n\t\t\t\t\t\t\t\t<div class=\"elementor-field-type-select elementor-field-group elementor-column elementor-field-group-tech_agenttotalcode elementor-col-50 elementor-field-required elementor-mark-required\">\n\t\t\t\t\t\t\t\t\t\t\t\t<label for=\"form-field-tech_agenttotalcode\" class=\"elementor-field-label\">\n\t\t\t\t\t\t\t\tN\u00famero de usuarios\t\t\t\t\t\t\t<\/label>\n\t\t\t\t\t\t\t\t<div class=\"elementor-field elementor-select-wrapper remove-before \">\n\t\t\t<div class=\"select-caret-down-wrapper\">\n\t\t\t\t<svg aria-hidden=\"true\" class=\"e-font-icon-svg e-eicon-caret-down\" viewBox=\"0 0 571.4 571.4\" xmlns=\"http:\/\/www.w3.org\/2000\/svg\"><path d=\"M571 393Q571 407 561 418L311 668Q300 679 286 679T261 668L11 418Q0 407 0 393T11 368 36 357H536Q550 357 561 368T571 393Z\"><\/path><\/svg>\t\t\t<\/div>\n\t\t\t<select name=\"form_fields[tech_agenttotalcode]\" id=\"form-field-tech_agenttotalcode\" class=\"elementor-field-textual elementor-size-sm\" required=\"required\">\n\t\t\t\t\t\t\t\t\t<option value=\"131940000\">1 a 100 agentes<\/option>\n\t\t\t\t\t\t\t\t\t<option value=\"131940001\">101 a 300 agentes<\/option>\n\t\t\t\t\t\t\t\t\t<option value=\"131940002\">301+ agentes<\/option>\n\t\t\t\t\t\t\t<\/select>\n\t\t<\/div>\n\t\t\t\t\t\t<\/div>\n\t\t\t\t\t\t\t\t<div class=\"elementor-field-type-text elementor-field-group elementor-column elementor-field-group-tech_currentsolution elementor-col-50\">\n\t\t\t\t\t\t\t\t\t\t\t\t<label for=\"form-field-tech_currentsolution\" class=\"elementor-field-label\">\n\t\t\t\t\t\t\t\tSoluci\u00f3n actual\t\t\t\t\t\t\t<\/label>\n\t\t\t\t\t\t\t\t\t\t\t\t\t\t<input size=\"1\" type=\"text\" name=\"form_fields[tech_currentsolution]\" id=\"form-field-tech_currentsolution\" class=\"elementor-field elementor-size-sm  elementor-field-textual\">\n\t\t\t\t\t\t\t\t\t\t\t<\/div>\n\t\t\t\t\t\t\t\t<div class=\"elementor-field-type-textarea elementor-field-group elementor-column elementor-field-group-description elementor-col-100\">\n\t\t\t\t\t\t\t\t\t\t\t\t<label for=\"form-field-description\" class=\"elementor-field-label\">\n\t\t\t\t\t\t\t\tC\u00f3mo\t\t\t\t\t\t\t<\/label>\n\t\t\t\t\t\t<textarea class=\"elementor-field-textual elementor-field  elementor-size-sm\" name=\"form_fields[description]\" id=\"form-field-description\" rows=\"4\"><\/textarea>\t\t\t\t<\/div>\n\t\t\t\t\t\t\t\t<div class=\"elementor-field-type-hidden elementor-field-group elementor-column elementor-field-group-leadsourcecode elementor-col-100\">\n\t\t\t\t\t\t\t\t\t\t\t\t\t<input size=\"1\" type=\"hidden\" name=\"form_fields[leadsourcecode]\" id=\"form-field-leadsourcecode\" class=\"elementor-field elementor-size-sm  elementor-field-textual\" value=\"13\">\n\t\t\t\t\t\t\t\t\t\t\t<\/div>\n\t\t\t\t\t\t\t\t<div class=\"elementor-field-type-odv_acceptance elementor-field-group elementor-column elementor-field-group-acceptance elementor-col-100 elementor-field-required elementor-mark-required\">\n\t\t\t\t\t<style>\r\n    \/* Make text wrap under the checkbox (float), not in a reserved flex column *\/\r\n    .odv-acceptance__label{\r\n        display:block;\r\n        cursor:pointer;\r\n    }\r\n\r\n    .odv-acceptance__checkbox{\r\n        float:left;\r\n        margin: 3px 10px 0 0;\r\n    }\r\n\r\n    .odv-acceptance__text{\r\n        display:block;\r\n        overflow-wrap:anywhere;\r\n        color: #fff;\r\n        line-height: 1.5;\r\n        font-size: 14px;\r\n    }\r\n\r\n    \/* Clear float *\/\r\n    .odv-acceptance__label::after{\r\n        content:\"\";\r\n        display:block;\r\n        clear:both;\r\n    }\r\n<\/style>\r\n               <div class=\"odv-acceptance\">  <label class=\"odv-acceptance__label\" for=\"acceptance\">    <input type=\"hidden\" name=\"form_fields[acceptance]\" value=\"0\">    <input type=\"checkbox\" class=\"odv-acceptance__checkbox\" name=\"form_fields[acceptance]\" id=\"acceptance\" value=\"1\" required>    <span class=\"odv-acceptance__text\"><p>Odigo traite les donn\u00e9es personnelles recueillies sur ce formulaire dans le but de g\u00e9rer votre demande ainsi que notre relation commerciale. Conform\u00e9ment aux lois applicables en mati\u00e8re de protection des donn\u00e9es, vous disposez d\u2019un droit d\u2019acc\u00e8s, de rectification et de suppression de vos donn\u00e9es personnelles. Vous disposez \u00e9galement d\u2019un droit \u00e0 la portabilit\u00e9 de vos donn\u00e9es ainsi qu\u2019un droit d\u2019opposition et de limitation du traitement de vos donn\u00e9es personnelles. Pour plus d\u2019information, consultez notre\u00a0<a href=\"https:\/\/www.odigo.com\/fr-fr\/politique-de-confidentialite\/\">Politique de Protection des Donn\u00e9es ici<\/a>.<\/p><\/span>  <\/label><\/div>\t\t\t\t<\/div>\n\t\t\t\t\t\t\t\t<div class=\"elementor-field-group elementor-column elementor-field-type-submit elementor-col-100 e-form__buttons\">\n\t\t\t\t\t<button class=\"elementor-button elementor-size-sm\" type=\"submit\">\n\t\t\t\t\t\t<span class=\"elementor-button-content-wrapper\">\n\t\t\t\t\t\t\t\t\t\t\t\t\t\t\t\t\t\t\t\t\t\t<span class=\"elementor-button-text\">Env\u00eda<\/span>\n\t\t\t\t\t\t\t\t\t\t\t\t\t<\/span>\n\t\t\t\t\t<\/button>\n\t\t\t\t<\/div>\n\t\t\t<\/div>\n\t\t<\/form>\n\t\t\t\t\t\t<\/div>\n\t\t\t\t<\/div>\n\t\t\t\t<\/div>\n\t\t\t\t\t<\/div>\n\t\t\t\t<\/div>\n\t\t\t\t<\/div>\n\t\t","protected":false},"excerpt":{"rendered":"<p>Solicita una demostraci\u00f3n personalizada en Sabemos que est\u00e1s ocupado&#8230; Aprovecha al m\u00e1ximo la colaboraci\u00f3n con nuestros expertos y encuentra la soluci\u00f3n m\u00e1s adecuada para ti. Una demostraci\u00f3n personalizada, sean cuales sean los retos o actividades de tu organizaci\u00f3n Respuestas precisas y detalladas a todas tus preguntas sobre nuestras soluciones y servicios Una mejor comprensi\u00f3n de [&hellip;]<\/p>\n","protected":false},"author":1,"featured_media":0,"parent":0,"menu_order":0,"comment_status":"closed","ping_status":"closed","template":"","meta":{"_acf_changed":false,"footnotes":""},"topic":[],"class_list":["post-1002956","page","type-page","status-publish","hentry"],"acf":[],"yoast_head":"<!-- This site is optimized with the Yoast SEO plugin v27.3 - https:\/\/yoast.com\/product\/yoast-seo-wordpress\/ -->\n<title>Solicita tu demo de Odigo y descubre nuestra soluci\u00f3n CCaaS<\/title>\n<meta name=\"description\" content=\"Consigue una demostraci\u00f3n de Odigo para ver c\u00f3mo nuestras herramientas transforman la experiencia del cliente y crean resultados reales para tu empresa.\" \/>\n<meta name=\"robots\" content=\"index, follow, max-snippet:-1, max-image-preview:large, max-video-preview:-1\" \/>\n<link rel=\"canonical\" href=\"https:\/\/odigo.com\/es\/solicita-una-demostracion\/\" \/>\n<meta property=\"og:locale\" content=\"es_ES\" \/>\n<meta property=\"og:type\" content=\"article\" \/>\n<meta property=\"og:title\" content=\"Solicita tu demo de Odigo y descubre nuestra soluci\u00f3n CCaaS\" \/>\n<meta property=\"og:description\" content=\"Consigue una demostraci\u00f3n de Odigo para ver c\u00f3mo nuestras herramientas transforman la experiencia del cliente y crean resultados reales para tu empresa.\" \/>\n<meta property=\"og:url\" content=\"https:\/\/odigo.com\/es\/solicita-una-demostracion\/\" \/>\n<meta property=\"og:site_name\" content=\"Odigo\" \/>\n<meta property=\"article:modified_time\" content=\"2026-04-02T14:30:36+00:00\" \/>\n<meta name=\"twitter:card\" content=\"summary_large_image\" \/>\n<script type=\"application\/ld+json\" class=\"yoast-schema-graph\">{\"@context\":\"https:\\\/\\\/schema.org\",\"@graph\":[{\"@type\":\"WebPage\",\"@id\":\"https:\\\/\\\/odigo.com\\\/es\\\/solicita-una-demostracion\\\/\",\"url\":\"https:\\\/\\\/odigo.com\\\/es\\\/solicita-una-demostracion\\\/\",\"name\":\"Solicita tu demo de Odigo y descubre nuestra soluci\u00f3n CCaaS\",\"isPartOf\":{\"@id\":\"https:\\\/\\\/odigo.com\\\/es\\\/#website\"},\"datePublished\":\"2026-03-12T18:31:19+00:00\",\"dateModified\":\"2026-04-02T14:30:36+00:00\",\"description\":\"Consigue una demostraci\u00f3n de Odigo para ver c\u00f3mo nuestras herramientas transforman la experiencia del cliente y crean resultados reales para tu empresa.\",\"breadcrumb\":{\"@id\":\"https:\\\/\\\/odigo.com\\\/es\\\/solicita-una-demostracion\\\/#breadcrumb\"},\"inLanguage\":\"es\",\"potentialAction\":[{\"@type\":\"ReadAction\",\"target\":[\"https:\\\/\\\/odigo.com\\\/es\\\/solicita-una-demostracion\\\/\"]}]},{\"@type\":\"BreadcrumbList\",\"@id\":\"https:\\\/\\\/odigo.com\\\/es\\\/solicita-una-demostracion\\\/#breadcrumb\",\"itemListElement\":[{\"@type\":\"ListItem\",\"position\":1,\"name\":\"Accueil\",\"item\":\"https:\\\/\\\/odigo.com\\\/es\\\/inicio\\\/\"},{\"@type\":\"ListItem\",\"position\":2,\"name\":\"Solicita una demostraci\u00f3n\"}]},{\"@type\":\"WebSite\",\"@id\":\"https:\\\/\\\/odigo.com\\\/es\\\/#website\",\"url\":\"https:\\\/\\\/odigo.com\\\/es\\\/\",\"name\":\"Odigo\",\"description\":\"\",\"publisher\":{\"@id\":\"https:\\\/\\\/odigo.com\\\/es\\\/#organization\"},\"potentialAction\":[{\"@type\":\"SearchAction\",\"target\":{\"@type\":\"EntryPoint\",\"urlTemplate\":\"https:\\\/\\\/odigo.com\\\/es\\\/?s={search_term_string}\"},\"query-input\":{\"@type\":\"PropertyValueSpecification\",\"valueRequired\":true,\"valueName\":\"search_term_string\"}}],\"inLanguage\":\"es\"},{\"@type\":\"Organization\",\"@id\":\"https:\\\/\\\/odigo.com\\\/es\\\/#organization\",\"name\":\"Odigo\",\"url\":\"https:\\\/\\\/odigo.com\\\/es\\\/\",\"logo\":{\"@type\":\"ImageObject\",\"inLanguage\":\"es\",\"@id\":\"https:\\\/\\\/odigo.com\\\/es\\\/#\\\/schema\\\/logo\\\/image\\\/\",\"url\":\"https:\\\/\\\/odigo.com\\\/wp-content\\\/uploads\\\/2026\\\/03\\\/logo-odigo.svg\",\"contentUrl\":\"https:\\\/\\\/odigo.com\\\/wp-content\\\/uploads\\\/2026\\\/03\\\/logo-odigo.svg\",\"caption\":\"Odigo\"},\"image\":{\"@id\":\"https:\\\/\\\/odigo.com\\\/es\\\/#\\\/schema\\\/logo\\\/image\\\/\"}}]}<\/script>\n<!-- \/ Yoast SEO plugin. -->","yoast_head_json":{"title":"Solicita tu demo de Odigo y descubre nuestra soluci\u00f3n CCaaS","description":"Consigue una demostraci\u00f3n de Odigo para ver c\u00f3mo nuestras herramientas transforman la experiencia del cliente y crean resultados reales para tu empresa.","robots":{"index":"index","follow":"follow","max-snippet":"max-snippet:-1","max-image-preview":"max-image-preview:large","max-video-preview":"max-video-preview:-1"},"canonical":"https:\/\/odigo.com\/es\/solicita-una-demostracion\/","og_locale":"es_ES","og_type":"article","og_title":"Solicita tu demo de Odigo y descubre nuestra soluci\u00f3n CCaaS","og_description":"Consigue una demostraci\u00f3n de Odigo para ver c\u00f3mo nuestras herramientas transforman la experiencia del cliente y crean resultados reales para tu empresa.","og_url":"https:\/\/odigo.com\/es\/solicita-una-demostracion\/","og_site_name":"Odigo","article_modified_time":"2026-04-02T14:30:36+00:00","twitter_card":"summary_large_image","schema":{"@context":"https:\/\/schema.org","@graph":[{"@type":"WebPage","@id":"https:\/\/odigo.com\/es\/solicita-una-demostracion\/","url":"https:\/\/odigo.com\/es\/solicita-una-demostracion\/","name":"Solicita tu demo de Odigo y descubre nuestra soluci\u00f3n CCaaS","isPartOf":{"@id":"https:\/\/odigo.com\/es\/#website"},"datePublished":"2026-03-12T18:31:19+00:00","dateModified":"2026-04-02T14:30:36+00:00","description":"Consigue una demostraci\u00f3n de Odigo para ver c\u00f3mo nuestras herramientas transforman la experiencia del cliente y crean resultados reales para tu empresa.","breadcrumb":{"@id":"https:\/\/odigo.com\/es\/solicita-una-demostracion\/#breadcrumb"},"inLanguage":"es","potentialAction":[{"@type":"ReadAction","target":["https:\/\/odigo.com\/es\/solicita-una-demostracion\/"]}]},{"@type":"BreadcrumbList","@id":"https:\/\/odigo.com\/es\/solicita-una-demostracion\/#breadcrumb","itemListElement":[{"@type":"ListItem","position":1,"name":"Accueil","item":"https:\/\/odigo.com\/es\/inicio\/"},{"@type":"ListItem","position":2,"name":"Solicita una demostraci\u00f3n"}]},{"@type":"WebSite","@id":"https:\/\/odigo.com\/es\/#website","url":"https:\/\/odigo.com\/es\/","name":"Odigo","description":"","publisher":{"@id":"https:\/\/odigo.com\/es\/#organization"},"potentialAction":[{"@type":"SearchAction","target":{"@type":"EntryPoint","urlTemplate":"https:\/\/odigo.com\/es\/?s={search_term_string}"},"query-input":{"@type":"PropertyValueSpecification","valueRequired":true,"valueName":"search_term_string"}}],"inLanguage":"es"},{"@type":"Organization","@id":"https:\/\/odigo.com\/es\/#organization","name":"Odigo","url":"https:\/\/odigo.com\/es\/","logo":{"@type":"ImageObject","inLanguage":"es","@id":"https:\/\/odigo.com\/es\/#\/schema\/logo\/image\/","url":"https:\/\/odigo.com\/wp-content\/uploads\/2026\/03\/logo-odigo.svg","contentUrl":"https:\/\/odigo.com\/wp-content\/uploads\/2026\/03\/logo-odigo.svg","caption":"Odigo"},"image":{"@id":"https:\/\/odigo.com\/es\/#\/schema\/logo\/image\/"}}]}},"_links":{"self":[{"href":"https:\/\/odigo.com\/es\/wp-json\/wp\/v2\/pages\/1002956","targetHints":{"allow":["GET"]}}],"collection":[{"href":"https:\/\/odigo.com\/es\/wp-json\/wp\/v2\/pages"}],"about":[{"href":"https:\/\/odigo.com\/es\/wp-json\/wp\/v2\/types\/page"}],"author":[{"embeddable":true,"href":"https:\/\/odigo.com\/es\/wp-json\/wp\/v2\/users\/1"}],"replies":[{"embeddable":true,"href":"https:\/\/odigo.com\/es\/wp-json\/wp\/v2\/comments?post=1002956"}],"version-history":[{"count":2,"href":"https:\/\/odigo.com\/es\/wp-json\/wp\/v2\/pages\/1002956\/revisions"}],"predecessor-version":[{"id":1009197,"href":"https:\/\/odigo.com\/es\/wp-json\/wp\/v2\/pages\/1002956\/revisions\/1009197"}],"wp:attachment":[{"href":"https:\/\/odigo.com\/es\/wp-json\/wp\/v2\/media?parent=1002956"}],"wp:term":[{"taxonomy":"topic","embeddable":true,"href":"https:\/\/odigo.com\/es\/wp-json\/wp\/v2\/topic?post=1002956"}],"curies":[{"name":"wp","href":"https:\/\/api.w.org\/{rel}","templated":true}]}}