{"id":1003677,"date":"2021-04-22T09:39:00","date_gmt":"2021-04-22T08:39:00","guid":{"rendered":"https:\/\/odigo.com\/condiciones-generales\/"},"modified":"2026-03-21T21:35:49","modified_gmt":"2026-03-21T20:35:49","slug":"condiciones-generales","status":"publish","type":"page","link":"https:\/\/odigo.com\/es\/condiciones-generales\/","title":{"rendered":"Condiciones generales"},"content":{"rendered":"\t\t<div data-elementor-type=\"wp-page\" data-elementor-id=\"1003677\" class=\"elementor elementor-1003677 elementor-3511\" data-elementor-post-type=\"page\">\n\t\t\t\t<div class=\"elementor-element elementor-element-3ad4de89 e-flex e-con-boxed e-con e-parent\" data-id=\"3ad4de89\" data-element_type=\"container\" data-e-type=\"container\">\n\t\t\t\t\t<div class=\"e-con-inner\">\n\t\t\t\t<div class=\"elementor-element elementor-element-66d6950 elementor-widget elementor-widget-heading\" data-id=\"66d6950\" data-element_type=\"widget\" data-e-type=\"widget\" data-widget_type=\"heading.default\">\n\t\t\t\t\t<h1 class=\"elementor-heading-title elementor-size-default\">Condiciones de uso<\/h1>\t\t\t\t<\/div>\n\t\t\t\t<div class=\"elementor-element elementor-element-4723fba1 elementor-widget elementor-widget-text-editor\" data-id=\"4723fba1\" data-element_type=\"widget\" data-e-type=\"widget\" data-widget_type=\"text-editor.default\">\n\t\t\t\t\t\t\t\t\t\n<section class=\"undefined section article-body page-article-body article-white\">\n<div class=\"container\">\n<div class=\"row\">\n<div class=\"col-12 article-text\">\n<h4><span style=\"color: #000000;\">Bienvenido a <a style=\"color: #000000;\" href=\"http:\/\/www.odigo.com\/fr-fr\">odigo.com<\/a><\/span><\/h4>\n\n<p>Este sitio web est\u00e1 controlado y gestionado por OdigoTM, con domicilio social en 50, Cours de l&#8217;Ile Seguin, 92100 Boulogne-Billancourt.<\/p>\n\n<p>El acceso y el uso de este sitio est\u00e1n sujetos a las siguientes Condiciones Generales y a las disposiciones legales vigentes.<\/p>\n\n<h3><strong>1) Aceptaci\u00f3n<\/strong><\/h3>\n\n<p>Al visitar el sitio web de OdigoTM (la \u00abEmpresa\u00bb) y\/o descargar cualquier contenido del sitio web, aceptas los T\u00e9rminos y Condiciones que se establecen a continuaci\u00f3n.<\/p>\n\n<h3><strong>2) Finalidad del sitio<\/strong><\/h3>\n\n<p>Todo el material alojado en el sitio web OdigoTM se proporciona \u00fanicamente con fines informativos y no debe interpretarse como una oferta comercial, licencia, asesoramiento o relaci\u00f3n profesional entre t\u00fa y la Empresa. El contenido proporcionado en este sitio no exime al usuario de realizar sus propias comprobaciones sobre la informaci\u00f3n facilitada. <\/p>\n\n<p>La informaci\u00f3n proporcionada en este sitio puede referirse a productos o servicios que no est\u00e9n disponibles en tu pa\u00eds y\/o que no est\u00e9n disponibles indefinidamente.<\/p>\n\n<h3><strong>3) Disponibilidad del sitio<\/strong><\/h3>\n\n<p>La Empresa no est\u00e1 sujeta a ninguna obligaci\u00f3n de resultado relativa a la disponibilidad del sitio. La Empresa se reserva el derecho de (i) modificar las funcionalidades del sitio sin previo aviso y\/o (ii) suspender, interrumpir o limitar el acceso a todas o a ciertas partes del sitio sin previo aviso, en particular con fines de mantenimiento.   <\/p>\n\n<h3><strong>4) Enlaces a sitios web de terceros<\/strong><\/h3>\n\n<p>Los enlaces a sitios web de terceros se proporcionan \u00fanicamente con fines informativos y no implican ning\u00fan respaldo o aprobaci\u00f3n por parte de la Empresa de dichos sitios web, incluso cuando dichos sitios web incluyan el logotipo de la Empresa, ya que est\u00e1n fuera del control de OdigoTM. La Empresa no es responsable del contenido publicado en los sitios web de terceros enlazados ni de los enlaces que aparecen en dichos sitios web de terceros. OdigoTM no se hace responsable de ninguna p\u00e9rdida o da\u00f1o causado por el uso de dichos sitios. Eres responsable de protegerte contra virus, gusanos, troyanos y otros programas maliciosos que puedan estar incrustados en sitios web de terceros. Tambi\u00e9n eres responsable de consultar y cumplir las condiciones de uso aplicables a dichos sitios. Reconoces que cualquier enmarcado del sitio web de la Empresa o proceso similar est\u00e1 estrictamente prohibido.     <\/p>\n\n<h3><strong>5) Propiedad intelectual<\/strong><\/h3>\n\n<p>Este sitio est\u00e1 protegido por derechos de propiedad intelectual que abarcan, en particular, derechos de autor, marcas registradas, dise\u00f1os, derechos sui generis del fabricante de la base de datos, etc. Este sitio es propiedad exclusiva de la Empresa. <\/p>\n\n<p>Todo el contenido alojado en el sitio, incluidos, entre otros, texto, datos, gr\u00e1ficos, im\u00e1genes, sonido, v\u00eddeo, logotipos, iconos o c\u00f3digo HTML, est\u00e1 protegido por la ley de propiedad intelectual y es propiedad de la Empresa o del tercero propietario.<\/p>\n\n<p>Est\u00e1s autorizado a copiar, descargar e imprimir estos materiales para uso personal y no comercial, de acuerdo con los principios de la ley de propiedad intelectual. Cualquier otro uso del contenido del sitio de la Empresa sin la autorizaci\u00f3n previa por escrito de la Empresa est\u00e1 estrictamente prohibido. Por lo tanto, est\u00e1 estrictamente prohibido modificar el contenido alojado en el sitio de la Empresa.  <\/p>\n\n<p>El incumplimiento de las disposiciones anteriores puede constituir un acto de falsificaci\u00f3n y\/o competencia desleal y puede hacerte responsable civil y\/o penalmente.<\/p>\n\n<p>Marcas registradas pertenecientes a la Empresa :<\/p>\n\n<ul>\n<li><sup>OdigoTM<\/sup><\/li>\n<\/ul>\n\n<p>Las marcas comerciales que no son propiedad de la Empresa y que aparecen en el sitio de la Empresa son propiedad de sus respectivos propietarios, que pueden o no tener una relaci\u00f3n de afiliaci\u00f3n, asociaci\u00f3n o patrocinio con la Empresa. Para cualquier tipo de uso relativo a las marcas de la Empresa o de terceros, debes solicitar autorizaci\u00f3n previa. <\/p>\n\n<p>Si tienes conocimiento de una posible infracci\u00f3n de los derechos de propiedad intelectual de la Empresa o si crees que tus derechos de propiedad intelectual han sido infringidos de alg\u00fan modo por contenidos alojados en el sitio web de la Empresa, ponte en contacto con <a href=\"mailto:contact.odigo.fr@odigo.com\">contact.odigo.fr@odigo.com.<\/a><\/p>\n\n<p>Te agradecer\u00edamos que nos proporcionaras tantos detalles como te sea posible (por ejemplo, una descripci\u00f3n de los derechos de autor implicados, una descripci\u00f3n de los medios que est\u00e1n detr\u00e1s de la infracci\u00f3n denunciada, etc.). Ten en cuenta que en ning\u00fan caso abrimos los archivos adjuntos a estos mensajes. <\/p>\n\n<h3><strong>6) Garant\u00eda y responsabilidad<\/strong><\/h3>\n\n<p>Todos los materiales, incluido el software descargable disponible en el sitio de la Empresa, se proporcionan \u00abtal cual\u00bb, sin garant\u00eda de ning\u00fan tipo, en la m\u00e1xima medida permitida por la legislaci\u00f3n aplicable. La Empresa no garantiza en modo alguno el acceso ininterrumpido a su sitio. La Empresa se compromete a realizar esfuerzos razonables para proporcionar informaci\u00f3n fiable en su sitio, pero no garantiza que dicho sitio est\u00e9 libre de errores, inexactitudes y\/u omisiones, virus, gusanos, troyanos y otros programas maliciosos, ni que su contenido sea adecuado para tu uso individual o est\u00e9 actualizado. Adem\u00e1s, la Empresa se reserva el derecho a modificar dicha informaci\u00f3n en cualquier momento y sin previo aviso. La Empresa no garantiza los resultados del uso de los medios disponibles en su sitio web, incluido el software descargable.    <\/p>\n\n<p>Eres responsable del uso de los medios disponibles en el sitio.<\/p>\n\n<p>La informaci\u00f3n presentada en el sitio no ampl\u00eda ni modifica en modo alguno la garant\u00eda que pueda aplicarse en virtud de tu relaci\u00f3n contractual existente con la Empresa. La Empresa no ser\u00e1 responsable de ning\u00fan da\u00f1o indirecto, consecuente o fortuito, como la p\u00e9rdida de beneficios o ingresos, la interrupci\u00f3n de la actividad empresarial o la p\u00e9rdida de datos, que se deriven o est\u00e9n relacionados con el uso, la imposibilidad de uso o el funcionamiento de cualquier material alojado en el sitio de la Empresa o en cualquier otro sitio vinculado al sitio de la Empresa. <\/p>\n\n<p>En cualquier caso, la responsabilidad de la Empresa por da\u00f1os directos resultantes del uso, imposibilidad de uso o explotaci\u00f3n de cualquier material alojado en el sitio de la Empresa o en cualquier otro sitio vinculado al sitio de la Empresa, o en relaci\u00f3n con dicho uso, imposibilidad de uso o explotaci\u00f3n, no exceder\u00e1 de 1.000 euros.<\/p>\n\n<h3><strong>7) Pol\u00edtica de privacidad &#8211; uso de cookies<\/strong><\/h3>\n\n<p>Consulta nuestra <a href=\"https:\/\/odigo.com\/fr-fr\/politique-de-confidentialite\/\">Pol\u00c3tica de Privacidad<\/a> y Pol\u00c3tica de Uso de Cookies para obtener informaci\u00c3\u00b3n sobre c\u00c3\u00b3mo <sup>OdigoTM<\/sup> respeta y protege tu privacidad.<\/p>\n\n<h3><strong>8) Comentarios de los usuarios<\/strong><\/h3>\n\n<p>La Empresa no asume ninguna obligaci\u00f3n de supervisar la informaci\u00f3n que puedas publicar en su sitio.<\/p>\n\n<p>Garantizas que cualquier informaci\u00f3n, material (el t\u00e9rmino \u00abMaterial\u00bb se refiere a proyectos, archivos u otros archivos adjuntos que nos env\u00edes) o comentarios distintos de tus datos personales que env\u00edes a la Empresa a trav\u00e9s de su sitio no infringen los derechos de propiedad intelectual ni ninguna otra ley aplicable. Dicha informaci\u00f3n, materiales o comentarios se considerar\u00e1n no confidenciales y no sujetos a derechos de propiedad. Garantizas que la informaci\u00f3n, soportes o comentarios que transmitas a la Empresa a trav\u00e9s de su sitio no afectan a la integridad y\/o seguridad del sitio y, en particular, que no contienen ning\u00fan virus, gusano, troyano o programa potencialmente malicioso.  <\/p>\n\n<p>Al enviar dicha informaci\u00f3n o Materiales, concedes a la Empresa una licencia ilimitada e irrevocable para utilizar, copiar, ejecutar, mostrar, modificar y transmitir tu informaci\u00f3n, Materiales o comentarios, incluidos los conceptos, ideas o conocimientos t\u00e9cnicos subyacentes, en su totalidad o en parte, de cualquier forma y en cualquier medio. La Empresa se reserva el derecho a utilizar dicha informaci\u00f3n como considere oportuno. <\/p>\n\n<h3><strong>9) <\/strong><strong>Ley aplicable &#8211; Divisibilidad<\/strong><\/h3>\n\n<p>Cualquier reclamaci\u00f3n o litigio que surja en relaci\u00f3n con estas Condiciones Generales de Uso o cualquier incumplimiento de las mismas se regir\u00e1 por la legislaci\u00f3n francesa. En caso de litigio, s\u00f3lo ser\u00e1 competente el Tribunal de Comercio de Par\u00eds. Si alguna disposici\u00f3n de estas Condiciones Generales se considera ilegal, inv\u00e1lida o inaplicable, las dem\u00e1s disposiciones seguir\u00e1n siendo v\u00e1lidas y vigentes.  <\/p>\n\n<h3><strong>10) Modificaci\u00f3n de las Condiciones Generales de Uso<\/strong><\/h3>\n\n<p>La Empresa se reserva el derecho a modificar las presentes Condiciones Generales de Uso de su sitio en cualquier momento y sin previo aviso. En ese caso, quedar\u00e1s autom\u00e1ticamente vinculado por dichas modificaciones cuando visites el sitio y deber\u00e1s consultar peri\u00f3dicamente las Condiciones Generales de Uso. <\/p>\n\n<h3><strong>11) Nulidad de una disposici\u00f3n<\/strong><\/h3>\n\n<p>La Empresa se reserva el derecho a modificar las presentes Condiciones Generales de Uso de su sitio en cualquier momento y sin previo aviso. En ese caso, quedar\u00e1s autom\u00e1ticamente vinculado por dichas modificaciones cuando visites el sitio y deber\u00e1s consultar peri\u00f3dicamente las Condiciones Generales de Uso. <\/p>\n\n<h3><strong>12) Varios<\/strong><\/h3>\n\n<p>Si alguna disposici\u00f3n de estas Condiciones Generales se considera ilegal, inv\u00e1lida o inaplicable, dicha disposici\u00f3n se separar\u00e1 de estas Condiciones Generales sin que ello afecte a la validez de las restantes disposiciones contenidas en el presente documento.<\/p>\n\n<p>A menos que se indique expresamente lo contrario, estos T\u00e9rminos y Condiciones constituyen el acuerdo completo entre t\u00fa y OdigoTM en relaci\u00f3n con tu uso del sitio y su contenido.<\/p>\n<\/div>\n<\/div>\n<\/div>\n<\/section>\n\t\t\t\t\t\t\t\t<\/div>\n\t\t\t\t\t<\/div>\n\t\t\t\t<\/div>\n\t\t\t\t<\/div>\n\t\t","protected":false},"excerpt":{"rendered":"<p>Condiciones de uso Bienvenido a odigo.com Este sitio web est\u00e1 controlado y gestionado por OdigoTM, con domicilio social en 50, Cours de l&#8217;Ile Seguin, 92100 Boulogne-Billancourt. El acceso y el uso de este sitio est\u00e1n sujetos a las siguientes Condiciones Generales y a las disposiciones legales vigentes. 1) Aceptaci\u00f3n Al visitar el sitio web de [&hellip;]<\/p>\n","protected":false},"author":1,"featured_media":0,"parent":0,"menu_order":0,"comment_status":"closed","ping_status":"closed","template":"","meta":{"_acf_changed":false,"footnotes":""},"topic":[],"class_list":["post-1003677","page","type-page","status-publish","hentry"],"acf":[],"yoast_head":"<!-- This site is optimized with the Yoast SEO plugin v27.3 - https:\/\/yoast.com\/product\/yoast-seo-wordpress\/ -->\n<title>T\u00e9rminos y condiciones del sitio web Odigo.com<\/title>\n<meta name=\"description\" content=\"Accede a las condiciones generales del sitio Odigo para conocer las condiciones de uso y avisos reglamentarios de nuestro sitio.\" \/>\n<meta name=\"robots\" content=\"index, follow, max-snippet:-1, max-image-preview:large, max-video-preview:-1\" \/>\n<link rel=\"canonical\" href=\"https:\/\/odigo.com\/es\/condiciones-generales\/\" \/>\n<meta property=\"og:locale\" content=\"es_ES\" \/>\n<meta property=\"og:type\" content=\"article\" \/>\n<meta property=\"og:title\" content=\"T\u00e9rminos y condiciones del sitio web Odigo.com\" \/>\n<meta property=\"og:description\" content=\"Accede a las condiciones generales del sitio Odigo para conocer las condiciones de uso y avisos reglamentarios de nuestro sitio.\" \/>\n<meta property=\"og:url\" content=\"https:\/\/odigo.com\/es\/condiciones-generales\/\" \/>\n<meta property=\"og:site_name\" content=\"Odigo\" \/>\n<meta property=\"article:modified_time\" content=\"2026-03-21T20:35:49+00:00\" \/>\n<meta name=\"twitter:card\" content=\"summary_large_image\" \/>\n<meta name=\"twitter:label1\" content=\"Tiempo de lectura\" \/>\n\t<meta name=\"twitter:data1\" content=\"8 minutos\" \/>\n<script type=\"application\/ld+json\" class=\"yoast-schema-graph\">{\"@context\":\"https:\\\/\\\/schema.org\",\"@graph\":[{\"@type\":\"WebPage\",\"@id\":\"https:\\\/\\\/odigo.com\\\/es\\\/condiciones-generales\\\/\",\"url\":\"https:\\\/\\\/odigo.com\\\/es\\\/condiciones-generales\\\/\",\"name\":\"T\u00e9rminos y condiciones del sitio web Odigo.com\",\"isPartOf\":{\"@id\":\"https:\\\/\\\/odigo.com\\\/es\\\/#website\"},\"datePublished\":\"2021-04-22T08:39:00+00:00\",\"dateModified\":\"2026-03-21T20:35:49+00:00\",\"description\":\"Accede a las condiciones generales del sitio Odigo para conocer las condiciones de uso y avisos reglamentarios de nuestro sitio.\",\"breadcrumb\":{\"@id\":\"https:\\\/\\\/odigo.com\\\/es\\\/condiciones-generales\\\/#breadcrumb\"},\"inLanguage\":\"es\",\"potentialAction\":[{\"@type\":\"ReadAction\",\"target\":[\"https:\\\/\\\/odigo.com\\\/es\\\/condiciones-generales\\\/\"]}]},{\"@type\":\"BreadcrumbList\",\"@id\":\"https:\\\/\\\/odigo.com\\\/es\\\/condiciones-generales\\\/#breadcrumb\",\"itemListElement\":[{\"@type\":\"ListItem\",\"position\":1,\"name\":\"Accueil\",\"item\":\"https:\\\/\\\/odigo.com\\\/es\\\/inicio\\\/\"},{\"@type\":\"ListItem\",\"position\":2,\"name\":\"Condiciones generales\"}]},{\"@type\":\"WebSite\",\"@id\":\"https:\\\/\\\/odigo.com\\\/es\\\/#website\",\"url\":\"https:\\\/\\\/odigo.com\\\/es\\\/\",\"name\":\"Odigo\",\"description\":\"\",\"publisher\":{\"@id\":\"https:\\\/\\\/odigo.com\\\/es\\\/#organization\"},\"potentialAction\":[{\"@type\":\"SearchAction\",\"target\":{\"@type\":\"EntryPoint\",\"urlTemplate\":\"https:\\\/\\\/odigo.com\\\/es\\\/?s={search_term_string}\"},\"query-input\":{\"@type\":\"PropertyValueSpecification\",\"valueRequired\":true,\"valueName\":\"search_term_string\"}}],\"inLanguage\":\"es\"},{\"@type\":\"Organization\",\"@id\":\"https:\\\/\\\/odigo.com\\\/es\\\/#organization\",\"name\":\"Odigo\",\"url\":\"https:\\\/\\\/odigo.com\\\/es\\\/\",\"logo\":{\"@type\":\"ImageObject\",\"inLanguage\":\"es\",\"@id\":\"https:\\\/\\\/odigo.com\\\/es\\\/#\\\/schema\\\/logo\\\/image\\\/\",\"url\":\"https:\\\/\\\/odigo.com\\\/wp-content\\\/uploads\\\/2026\\\/03\\\/logo-odigo.svg\",\"contentUrl\":\"https:\\\/\\\/odigo.com\\\/wp-content\\\/uploads\\\/2026\\\/03\\\/logo-odigo.svg\",\"caption\":\"Odigo\"},\"image\":{\"@id\":\"https:\\\/\\\/odigo.com\\\/es\\\/#\\\/schema\\\/logo\\\/image\\\/\"}}]}<\/script>\n<!-- \/ Yoast SEO plugin. -->","yoast_head_json":{"title":"T\u00e9rminos y condiciones del sitio web Odigo.com","description":"Accede a las condiciones generales del sitio Odigo para conocer las condiciones de uso y avisos reglamentarios de nuestro sitio.","robots":{"index":"index","follow":"follow","max-snippet":"max-snippet:-1","max-image-preview":"max-image-preview:large","max-video-preview":"max-video-preview:-1"},"canonical":"https:\/\/odigo.com\/es\/condiciones-generales\/","og_locale":"es_ES","og_type":"article","og_title":"T\u00e9rminos y condiciones del sitio web Odigo.com","og_description":"Accede a las condiciones generales del sitio Odigo para conocer las condiciones de uso y avisos reglamentarios de nuestro sitio.","og_url":"https:\/\/odigo.com\/es\/condiciones-generales\/","og_site_name":"Odigo","article_modified_time":"2026-03-21T20:35:49+00:00","twitter_card":"summary_large_image","twitter_misc":{"Tiempo de lectura":"8 minutos"},"schema":{"@context":"https:\/\/schema.org","@graph":[{"@type":"WebPage","@id":"https:\/\/odigo.com\/es\/condiciones-generales\/","url":"https:\/\/odigo.com\/es\/condiciones-generales\/","name":"T\u00e9rminos y condiciones del sitio web Odigo.com","isPartOf":{"@id":"https:\/\/odigo.com\/es\/#website"},"datePublished":"2021-04-22T08:39:00+00:00","dateModified":"2026-03-21T20:35:49+00:00","description":"Accede a las condiciones generales del sitio Odigo para conocer las condiciones de uso y avisos reglamentarios de nuestro sitio.","breadcrumb":{"@id":"https:\/\/odigo.com\/es\/condiciones-generales\/#breadcrumb"},"inLanguage":"es","potentialAction":[{"@type":"ReadAction","target":["https:\/\/odigo.com\/es\/condiciones-generales\/"]}]},{"@type":"BreadcrumbList","@id":"https:\/\/odigo.com\/es\/condiciones-generales\/#breadcrumb","itemListElement":[{"@type":"ListItem","position":1,"name":"Accueil","item":"https:\/\/odigo.com\/es\/inicio\/"},{"@type":"ListItem","position":2,"name":"Condiciones generales"}]},{"@type":"WebSite","@id":"https:\/\/odigo.com\/es\/#website","url":"https:\/\/odigo.com\/es\/","name":"Odigo","description":"","publisher":{"@id":"https:\/\/odigo.com\/es\/#organization"},"potentialAction":[{"@type":"SearchAction","target":{"@type":"EntryPoint","urlTemplate":"https:\/\/odigo.com\/es\/?s={search_term_string}"},"query-input":{"@type":"PropertyValueSpecification","valueRequired":true,"valueName":"search_term_string"}}],"inLanguage":"es"},{"@type":"Organization","@id":"https:\/\/odigo.com\/es\/#organization","name":"Odigo","url":"https:\/\/odigo.com\/es\/","logo":{"@type":"ImageObject","inLanguage":"es","@id":"https:\/\/odigo.com\/es\/#\/schema\/logo\/image\/","url":"https:\/\/odigo.com\/wp-content\/uploads\/2026\/03\/logo-odigo.svg","contentUrl":"https:\/\/odigo.com\/wp-content\/uploads\/2026\/03\/logo-odigo.svg","caption":"Odigo"},"image":{"@id":"https:\/\/odigo.com\/es\/#\/schema\/logo\/image\/"}}]}},"_links":{"self":[{"href":"https:\/\/odigo.com\/es\/wp-json\/wp\/v2\/pages\/1003677","targetHints":{"allow":["GET"]}}],"collection":[{"href":"https:\/\/odigo.com\/es\/wp-json\/wp\/v2\/pages"}],"about":[{"href":"https:\/\/odigo.com\/es\/wp-json\/wp\/v2\/types\/page"}],"author":[{"embeddable":true,"href":"https:\/\/odigo.com\/es\/wp-json\/wp\/v2\/users\/1"}],"replies":[{"embeddable":true,"href":"https:\/\/odigo.com\/es\/wp-json\/wp\/v2\/comments?post=1003677"}],"version-history":[{"count":12,"href":"https:\/\/odigo.com\/es\/wp-json\/wp\/v2\/pages\/1003677\/revisions"}],"predecessor-version":[{"id":1008193,"href":"https:\/\/odigo.com\/es\/wp-json\/wp\/v2\/pages\/1003677\/revisions\/1008193"}],"wp:attachment":[{"href":"https:\/\/odigo.com\/es\/wp-json\/wp\/v2\/media?parent=1003677"}],"wp:term":[{"taxonomy":"topic","embeddable":true,"href":"https:\/\/odigo.com\/es\/wp-json\/wp\/v2\/topic?post=1003677"}],"curies":[{"name":"wp","href":"https:\/\/api.w.org\/{rel}","templated":true}]}}