{"id":1009144,"date":"2026-03-19T19:28:55","date_gmt":"2026-03-19T18:28:55","guid":{"rendered":"https:\/\/odigo.com\/odigo-connect\/ponte-en-contacto-con-nosotros\/"},"modified":"2026-03-31T14:52:40","modified_gmt":"2026-03-31T13:52:40","slug":"ponte-en-contacto-con-nosotros","status":"publish","type":"page","link":"https:\/\/odigo.com\/es\/odigo-connect\/ponte-en-contacto-con-nosotros\/","title":{"rendered":"Ponte en contacto con nosotros"},"content":{"rendered":"\t\t<div data-elementor-type=\"wp-page\" data-elementor-id=\"1009144\" class=\"elementor elementor-1009144 elementor-1007314\" data-elementor-post-type=\"page\">\n\t\t\t\t<div class=\"elementor-element elementor-element-670b952 e-con-full e-flex e-con e-parent\" data-id=\"670b952\" data-element_type=\"container\" data-e-type=\"container\" data-settings=\"{&quot;background_background&quot;:&quot;gradient&quot;}\">\n\t\t<div class=\"elementor-element elementor-element-9925a68 e-flex e-con-boxed e-con e-child\" data-id=\"9925a68\" data-element_type=\"container\" data-e-type=\"container\">\n\t\t\t\t\t<div class=\"e-con-inner\">\n\t\t\t\t<div class=\"elementor-element elementor-element-80d562e elementor-widget elementor-widget-heading\" data-id=\"80d562e\" data-element_type=\"widget\" data-e-type=\"widget\" data-widget_type=\"heading.default\">\n\t\t\t\t\t<p class=\"elementor-heading-title elementor-size-default\">ODIGO CONECTA<\/p>\t\t\t\t<\/div>\n\t\t\t\t<div class=\"elementor-element elementor-element-92df7aa elementor-widget elementor-widget-heading\" data-id=\"92df7aa\" data-element_type=\"widget\" data-e-type=\"widget\" data-widget_type=\"heading.default\">\n\t\t\t\t\t<h1 class=\"elementor-heading-title elementor-size-default\">Ponte en contacto<\/h1>\t\t\t\t<\/div>\n\t\t\t\t\t<\/div>\n\t\t\t\t<\/div>\n\t\t\t\t<\/div>\n\t\t<div class=\"elementor-element elementor-element-1063d9f e-con-full e-flex e-con e-child\" data-id=\"1063d9f\" data-element_type=\"container\" data-e-type=\"container\">\n\t\t<div class=\"elementor-element elementor-element-bb76776 e-flex e-con-boxed e-con e-child\" data-id=\"bb76776\" data-element_type=\"container\" data-e-type=\"container\">\n\t\t\t\t\t<div class=\"e-con-inner\">\n\t\t<div class=\"elementor-element elementor-element-3087abe e-con-full e-flex e-con e-child\" data-id=\"3087abe\" data-element_type=\"container\" data-e-type=\"container\">\n\t\t\t\t<div class=\"elementor-element elementor-element-5c819fe elementor-widget elementor-widget-text-editor\" data-id=\"5c819fe\" data-element_type=\"widget\" data-e-type=\"widget\" data-widget_type=\"text-editor.default\">\n\t\t\t\t\t\t\t\t\t<p>\u00bfQuieres saber m\u00e1s sobre esta soluci\u00f3n y su integraci\u00f3n con Odigo? Rellena el formulario y nos pondremos en contacto contigo en breve. <\/p>\t\t\t\t\t\t\t\t<\/div>\n\t\t\t\t<\/div>\n\t\t<div class=\"elementor-element elementor-element-132fd86 e-con-full e-flex e-con e-child\" data-id=\"132fd86\" data-element_type=\"container\" data-e-type=\"container\" data-settings=\"{&quot;background_background&quot;:&quot;classic&quot;}\">\n\t\t\t\t<div class=\"elementor-element elementor-element-8d47206 elementor-button-align-stretch elementor-widget elementor-widget-form\" data-id=\"8d47206\" data-element_type=\"widget\" data-e-type=\"widget\" data-settings=\"{&quot;step_next_label&quot;:&quot;Siguiente&quot;,&quot;step_previous_label&quot;:&quot;Anterior&quot;,&quot;button_width&quot;:&quot;100&quot;,&quot;step_type&quot;:&quot;number_text&quot;,&quot;step_icon_shape&quot;:&quot;circle&quot;}\" data-widget_type=\"form.default\">\n\t\t\t\t\t\t\t<form class=\"elementor-form\" method=\"post\" id=\"join_odigo_connect\" name=\"ES Formulario \u00danete a Odigo Connect\" aria-label=\"ES Formulario \u00danete a Odigo Connect\" novalidate=\"\">\n\t\t\t<input type=\"hidden\" name=\"post_id\" value=\"1009144\"\/>\n\t\t\t<input type=\"hidden\" name=\"form_id\" value=\"8d47206\"\/>\n\t\t\t<input type=\"hidden\" name=\"referer_title\" value=\"Odigo\" \/>\n\n\t\t\t\n\t\t\t<div class=\"elementor-form-fields-wrapper elementor-labels-above\">\n\t\t\t\t\t\t\t\t<div class=\"elementor-field-type-text elementor-field-group elementor-column elementor-field-group-solution_name elementor-col-100 elementor-field-required\">\n\t\t\t\t\t\t\t\t\t\t\t\t<label for=\"form-field-solution_name\" class=\"elementor-field-label\">\n\t\t\t\t\t\t\t\tNombre de la soluci\u00f3n\t\t\t\t\t\t\t<\/label>\n\t\t\t\t\t\t\t\t\t\t\t\t\t\t<input size=\"1\" type=\"text\" name=\"form_fields[solution_name]\" id=\"form-field-solution_name\" class=\"elementor-field elementor-size-sm  elementor-field-textual\" required=\"required\">\n\t\t\t\t\t\t\t\t\t\t\t<\/div>\n\t\t\t\t\t\t\t\t<div class=\"elementor-field-type-text elementor-field-group elementor-column elementor-field-group-field_5fcacf9 elementor-col-50 elementor-field-required\">\n\t\t\t\t\t\t\t\t\t\t\t\t<label for=\"form-field-field_5fcacf9\" class=\"elementor-field-label\">\n\t\t\t\t\t\t\t\tEmpresa\t\t\t\t\t\t\t<\/label>\n\t\t\t\t\t\t\t\t\t\t\t\t\t\t<input size=\"1\" type=\"text\" name=\"form_fields[field_5fcacf9]\" id=\"form-field-field_5fcacf9\" class=\"elementor-field elementor-size-sm  elementor-field-textual\" required=\"required\">\n\t\t\t\t\t\t\t\t\t\t\t<\/div>\n\t\t\t\t\t\t\t\t<div class=\"elementor-field-type-text elementor-field-group elementor-column elementor-field-group-country elementor-col-50 elementor-field-required\">\n\t\t\t\t\t\t\t\t\t\t\t\t<label for=\"form-field-country\" class=\"elementor-field-label\">\n\t\t\t\t\t\t\t\tPa\u00eds\t\t\t\t\t\t\t<\/label>\n\t\t\t\t\t\t\t\t\t\t\t\t\t\t<input size=\"1\" type=\"text\" name=\"form_fields[country]\" id=\"form-field-country\" class=\"elementor-field elementor-size-sm  elementor-field-textual\" required=\"required\">\n\t\t\t\t\t\t\t\t\t\t\t<\/div>\n\t\t\t\t\t\t\t\t<div class=\"elementor-field-type-text elementor-field-group elementor-column elementor-field-group-firstname elementor-col-50 elementor-field-required\">\n\t\t\t\t\t\t\t\t\t\t\t\t<label for=\"form-field-firstname\" class=\"elementor-field-label\">\n\t\t\t\t\t\t\t\tNombre\t\t\t\t\t\t\t<\/label>\n\t\t\t\t\t\t\t\t\t\t\t\t\t\t<input size=\"1\" type=\"text\" name=\"form_fields[firstname]\" id=\"form-field-firstname\" class=\"elementor-field elementor-size-sm  elementor-field-textual\" required=\"required\">\n\t\t\t\t\t\t\t\t\t\t\t<\/div>\n\t\t\t\t\t\t\t\t<div class=\"elementor-field-type-text elementor-field-group elementor-column elementor-field-group-lastname elementor-col-50 elementor-field-required\">\n\t\t\t\t\t\t\t\t\t\t\t\t<label for=\"form-field-lastname\" class=\"elementor-field-label\">\n\t\t\t\t\t\t\t\tApellidos\t\t\t\t\t\t\t<\/label>\n\t\t\t\t\t\t\t\t\t\t\t\t\t\t<input size=\"1\" type=\"text\" name=\"form_fields[lastname]\" id=\"form-field-lastname\" class=\"elementor-field elementor-size-sm  elementor-field-textual\" required=\"required\">\n\t\t\t\t\t\t\t\t\t\t\t<\/div>\n\t\t\t\t\t\t\t\t<div class=\"elementor-field-type-email elementor-field-group elementor-column elementor-field-group-email elementor-col-50 elementor-field-required\">\n\t\t\t\t\t\t\t\t\t\t\t\t<label for=\"form-field-email\" class=\"elementor-field-label\">\n\t\t\t\t\t\t\t\tEnv\u00eda un correo electr\u00f3nico a\t\t\t\t\t\t\t<\/label>\n\t\t\t\t\t\t\t\t\t\t\t\t\t\t<input size=\"1\" type=\"email\" name=\"form_fields[email]\" id=\"form-field-email\" class=\"elementor-field elementor-size-sm  elementor-field-textual\" required=\"required\">\n\t\t\t\t\t\t\t\t\t\t\t<\/div>\n\t\t\t\t\t\t\t\t<div class=\"elementor-field-type-tel elementor-field-group elementor-column elementor-field-group-phone elementor-col-50 elementor-field-required\">\n\t\t\t\t\t\t\t\t\t\t\t\t<label for=\"form-field-phone\" class=\"elementor-field-label\">\n\t\t\t\t\t\t\t\tTel\u00e9fono\t\t\t\t\t\t\t<\/label>\n\t\t\t\t\t\t\t\t<input size=\"1\" type=\"tel\" name=\"form_fields[phone]\" id=\"form-field-phone\" class=\"elementor-field elementor-size-sm  elementor-field-textual\" required=\"required\" pattern=\"[0-9()#&amp;+*-=.]+\" title=\"Solo se aceptan n\u00fameros y caracteres de tel\u00e9fono (#,-,*,etc).\">\n\n\t\t\t\t\t\t<\/div>\n\t\t\t\t\t\t\t\t<div class=\"elementor-field-type-odv_acceptance elementor-field-group elementor-column elementor-field-group-field_be5767a elementor-col-100\">\n\t\t\t\t\t\t\t\t\t\t\t\t<label for=\"form-field-field_be5767a\" class=\"elementor-field-label\">\n\t\t\t\t\t\t\t\tmarketing\t\t\t\t\t\t\t<\/label>\n\t\t\t\t\t\t<style>\n    \/* Make text wrap under the checkbox (float), not in a reserved flex column *\/\n    .odv-acceptance__label{\n        display:block;\n        cursor:pointer;\n    }\n\n    .odv-acceptance__checkbox{\n        float:left;\n        margin: 3px 10px 0 0;\n    }\n\n    .odv-acceptance__text{\n        display:block;\n        overflow-wrap:anywhere;\n        color: #fff;\n        line-height: 1.5;\n        font-size: 14px;\n    }\n\n    \/* Clear float *\/\n    .odv-acceptance__label::after{\n        content:\"\";\n        display:block;\n        clear:both;\n    }\n<\/style>\n               <div class=\"odv-acceptance\">  <label class=\"odv-acceptance__label\" for=\"field_be5767a\">    <input type=\"hidden\" name=\"form_fields[field_be5767a]\" value=\"0\">    <input type=\"checkbox\" class=\"odv-acceptance__checkbox\" name=\"form_fields[field_be5767a]\" id=\"field_be5767a\" value=\"1\" >    <span class=\"odv-acceptance__text\"><p>I want to receive marketing emails and other personalized communications about Odigo\u2019s news and new features.<\/p><\/span>  <\/label><\/div>\t\t\t\t<\/div>\n\t\t\t\t\t\t\t\t<div class=\"elementor-field-type-odv_acceptance elementor-field-group elementor-column elementor-field-group-field_85f48ad elementor-col-100 elementor-field-required\">\n\t\t\t\t\t\t\t\t\t\t\t\t<label for=\"form-field-field_85f48ad\" class=\"elementor-field-label\">\n\t\t\t\t\t\t\t\tprivacidad\t\t\t\t\t\t\t<\/label>\n\t\t\t\t\t\t<style>\n    \/* Make text wrap under the checkbox (float), not in a reserved flex column *\/\n    .odv-acceptance__label{\n        display:block;\n        cursor:pointer;\n    }\n\n    .odv-acceptance__checkbox{\n        float:left;\n        margin: 3px 10px 0 0;\n    }\n\n    .odv-acceptance__text{\n        display:block;\n        overflow-wrap:anywhere;\n        color: #fff;\n        line-height: 1.5;\n        font-size: 14px;\n    }\n\n    \/* Clear float *\/\n    .odv-acceptance__label::after{\n        content:\"\";\n        display:block;\n        clear:both;\n    }\n<\/style>\n               <div class=\"odv-acceptance\">  <label class=\"odv-acceptance__label\" for=\"field_85f48ad\">    <input type=\"hidden\" name=\"form_fields[field_85f48ad]\" value=\"0\">    <input type=\"checkbox\" class=\"odv-acceptance__checkbox\" name=\"form_fields[field_85f48ad]\" id=\"field_85f48ad\" value=\"1\" required>    <span class=\"odv-acceptance__text\"><p>Odigo processes the personal data collected on this form for the purpose of putting the client in contact with the tech partner concerned. The data collected on this form will also be subject to statistics by Odigo. For further information on the processing of your data and your rights, you may consult our Data Protection Policy\u00a0<a href=\"https:\/\/darkorange-wildcat-779784.hostingersite.com\/privacy-policy\/\" target=\"_blank\" rel=\"noopener\">here<\/a>.<\/p><\/span>  <\/label><\/div>\t\t\t\t<\/div>\n\t\t\t\t\t\t\t\t<div class=\"elementor-field-group elementor-column elementor-field-type-submit elementor-col-100 e-form__buttons\">\n\t\t\t\t\t<button class=\"elementor-button elementor-size-sm\" type=\"submit\">\n\t\t\t\t\t\t<span class=\"elementor-button-content-wrapper\">\n\t\t\t\t\t\t\t\t\t\t\t\t\t\t\t\t\t\t\t\t\t\t<span class=\"elementor-button-text\">Send<\/span>\n\t\t\t\t\t\t\t\t\t\t\t\t\t<\/span>\n\t\t\t\t\t<\/button>\n\t\t\t\t<\/div>\n\t\t\t<\/div>\n\t\t<\/form>\n\t\t\t\t\t\t<\/div>\n\t\t\t\t<\/div>\n\t\t\t\t\t<\/div>\n\t\t\t\t<\/div>\n\t\t\t\t<\/div>\n\t\t\t\t<\/div>\n\t\t","protected":false},"excerpt":{"rendered":"<p>ODIGO CONECTA Ponte en contacto \u00bfQuieres saber m\u00e1s sobre esta soluci\u00f3n y su integraci\u00f3n con Odigo? Rellena el formulario y nos pondremos en contacto contigo en breve.<\/p>\n","protected":false},"author":3,"featured_media":0,"parent":1002930,"menu_order":0,"comment_status":"closed","ping_status":"closed","template":"page-odigo-connect-contact.php","meta":{"_acf_changed":false,"footnotes":""},"topic":[],"class_list":["post-1009144","page","type-page","status-publish","hentry"],"acf":[],"yoast_head":"<!-- This site is optimized with the Yoast SEO plugin v27.3 - https:\/\/yoast.com\/product\/yoast-seo-wordpress\/ -->\n<title>Ponte en contacto con nosotros - Odigo<\/title>\n<meta name=\"robots\" content=\"index, follow, max-snippet:-1, max-image-preview:large, max-video-preview:-1\" \/>\n<link rel=\"canonical\" href=\"https:\/\/odigo.com\/es\/odigo-connect\/ponte-en-contacto-con-nosotros\/\" \/>\n<meta property=\"og:locale\" content=\"es_ES\" \/>\n<meta property=\"og:type\" content=\"article\" \/>\n<meta property=\"og:title\" content=\"Ponte en contacto con nosotros - Odigo\" \/>\n<meta property=\"og:description\" content=\"ODIGO CONECTA Ponte en contacto \u00bfQuieres saber m\u00e1s sobre esta soluci\u00f3n y su integraci\u00f3n con Odigo? Rellena el formulario y nos pondremos en contacto contigo en breve.\" \/>\n<meta property=\"og:url\" content=\"https:\/\/odigo.com\/es\/odigo-connect\/ponte-en-contacto-con-nosotros\/\" \/>\n<meta property=\"og:site_name\" content=\"Odigo\" \/>\n<meta property=\"article:modified_time\" content=\"2026-03-31T13:52:40+00:00\" \/>\n<meta name=\"twitter:card\" content=\"summary_large_image\" \/>\n<script type=\"application\/ld+json\" class=\"yoast-schema-graph\">{\"@context\":\"https:\\\/\\\/schema.org\",\"@graph\":[{\"@type\":\"WebPage\",\"@id\":\"https:\\\/\\\/odigo.com\\\/es\\\/odigo-connect\\\/ponte-en-contacto-con-nosotros\\\/\",\"url\":\"https:\\\/\\\/odigo.com\\\/es\\\/odigo-connect\\\/ponte-en-contacto-con-nosotros\\\/\",\"name\":\"Ponte en contacto con nosotros - Odigo\",\"isPartOf\":{\"@id\":\"https:\\\/\\\/odigo.com\\\/es\\\/#website\"},\"datePublished\":\"2026-03-19T18:28:55+00:00\",\"dateModified\":\"2026-03-31T13:52:40+00:00\",\"breadcrumb\":{\"@id\":\"https:\\\/\\\/odigo.com\\\/es\\\/odigo-connect\\\/ponte-en-contacto-con-nosotros\\\/#breadcrumb\"},\"inLanguage\":\"es\",\"potentialAction\":[{\"@type\":\"ReadAction\",\"target\":[\"https:\\\/\\\/odigo.com\\\/es\\\/odigo-connect\\\/ponte-en-contacto-con-nosotros\\\/\"]}]},{\"@type\":\"BreadcrumbList\",\"@id\":\"https:\\\/\\\/odigo.com\\\/es\\\/odigo-connect\\\/ponte-en-contacto-con-nosotros\\\/#breadcrumb\",\"itemListElement\":[{\"@type\":\"ListItem\",\"position\":1,\"name\":\"Accueil\",\"item\":\"https:\\\/\\\/odigo.com\\\/es\\\/inicio\\\/\"},{\"@type\":\"ListItem\",\"position\":2,\"name\":\"Odigo Connect\",\"item\":\"https:\\\/\\\/odigo.com\\\/es\\\/odigo-connect\\\/\"},{\"@type\":\"ListItem\",\"position\":3,\"name\":\"Ponte en contacto con nosotros\"}]},{\"@type\":\"WebSite\",\"@id\":\"https:\\\/\\\/odigo.com\\\/es\\\/#website\",\"url\":\"https:\\\/\\\/odigo.com\\\/es\\\/\",\"name\":\"Odigo\",\"description\":\"\",\"publisher\":{\"@id\":\"https:\\\/\\\/odigo.com\\\/es\\\/#organization\"},\"potentialAction\":[{\"@type\":\"SearchAction\",\"target\":{\"@type\":\"EntryPoint\",\"urlTemplate\":\"https:\\\/\\\/odigo.com\\\/es\\\/?s={search_term_string}\"},\"query-input\":{\"@type\":\"PropertyValueSpecification\",\"valueRequired\":true,\"valueName\":\"search_term_string\"}}],\"inLanguage\":\"es\"},{\"@type\":\"Organization\",\"@id\":\"https:\\\/\\\/odigo.com\\\/es\\\/#organization\",\"name\":\"Odigo\",\"url\":\"https:\\\/\\\/odigo.com\\\/es\\\/\",\"logo\":{\"@type\":\"ImageObject\",\"inLanguage\":\"es\",\"@id\":\"https:\\\/\\\/odigo.com\\\/es\\\/#\\\/schema\\\/logo\\\/image\\\/\",\"url\":\"https:\\\/\\\/odigo.com\\\/wp-content\\\/uploads\\\/2026\\\/03\\\/logo-odigo.svg\",\"contentUrl\":\"https:\\\/\\\/odigo.com\\\/wp-content\\\/uploads\\\/2026\\\/03\\\/logo-odigo.svg\",\"caption\":\"Odigo\"},\"image\":{\"@id\":\"https:\\\/\\\/odigo.com\\\/es\\\/#\\\/schema\\\/logo\\\/image\\\/\"}}]}<\/script>\n<!-- \/ Yoast SEO plugin. -->","yoast_head_json":{"title":"Ponte en contacto con nosotros - Odigo","robots":{"index":"index","follow":"follow","max-snippet":"max-snippet:-1","max-image-preview":"max-image-preview:large","max-video-preview":"max-video-preview:-1"},"canonical":"https:\/\/odigo.com\/es\/odigo-connect\/ponte-en-contacto-con-nosotros\/","og_locale":"es_ES","og_type":"article","og_title":"Ponte en contacto con nosotros - Odigo","og_description":"ODIGO CONECTA Ponte en contacto \u00bfQuieres saber m\u00e1s sobre esta soluci\u00f3n y su integraci\u00f3n con Odigo? Rellena el formulario y nos pondremos en contacto contigo en breve.","og_url":"https:\/\/odigo.com\/es\/odigo-connect\/ponte-en-contacto-con-nosotros\/","og_site_name":"Odigo","article_modified_time":"2026-03-31T13:52:40+00:00","twitter_card":"summary_large_image","schema":{"@context":"https:\/\/schema.org","@graph":[{"@type":"WebPage","@id":"https:\/\/odigo.com\/es\/odigo-connect\/ponte-en-contacto-con-nosotros\/","url":"https:\/\/odigo.com\/es\/odigo-connect\/ponte-en-contacto-con-nosotros\/","name":"Ponte en contacto con nosotros - Odigo","isPartOf":{"@id":"https:\/\/odigo.com\/es\/#website"},"datePublished":"2026-03-19T18:28:55+00:00","dateModified":"2026-03-31T13:52:40+00:00","breadcrumb":{"@id":"https:\/\/odigo.com\/es\/odigo-connect\/ponte-en-contacto-con-nosotros\/#breadcrumb"},"inLanguage":"es","potentialAction":[{"@type":"ReadAction","target":["https:\/\/odigo.com\/es\/odigo-connect\/ponte-en-contacto-con-nosotros\/"]}]},{"@type":"BreadcrumbList","@id":"https:\/\/odigo.com\/es\/odigo-connect\/ponte-en-contacto-con-nosotros\/#breadcrumb","itemListElement":[{"@type":"ListItem","position":1,"name":"Accueil","item":"https:\/\/odigo.com\/es\/inicio\/"},{"@type":"ListItem","position":2,"name":"Odigo Connect","item":"https:\/\/odigo.com\/es\/odigo-connect\/"},{"@type":"ListItem","position":3,"name":"Ponte en contacto con nosotros"}]},{"@type":"WebSite","@id":"https:\/\/odigo.com\/es\/#website","url":"https:\/\/odigo.com\/es\/","name":"Odigo","description":"","publisher":{"@id":"https:\/\/odigo.com\/es\/#organization"},"potentialAction":[{"@type":"SearchAction","target":{"@type":"EntryPoint","urlTemplate":"https:\/\/odigo.com\/es\/?s={search_term_string}"},"query-input":{"@type":"PropertyValueSpecification","valueRequired":true,"valueName":"search_term_string"}}],"inLanguage":"es"},{"@type":"Organization","@id":"https:\/\/odigo.com\/es\/#organization","name":"Odigo","url":"https:\/\/odigo.com\/es\/","logo":{"@type":"ImageObject","inLanguage":"es","@id":"https:\/\/odigo.com\/es\/#\/schema\/logo\/image\/","url":"https:\/\/odigo.com\/wp-content\/uploads\/2026\/03\/logo-odigo.svg","contentUrl":"https:\/\/odigo.com\/wp-content\/uploads\/2026\/03\/logo-odigo.svg","caption":"Odigo"},"image":{"@id":"https:\/\/odigo.com\/es\/#\/schema\/logo\/image\/"}}]}},"_links":{"self":[{"href":"https:\/\/odigo.com\/es\/wp-json\/wp\/v2\/pages\/1009144","targetHints":{"allow":["GET"]}}],"collection":[{"href":"https:\/\/odigo.com\/es\/wp-json\/wp\/v2\/pages"}],"about":[{"href":"https:\/\/odigo.com\/es\/wp-json\/wp\/v2\/types\/page"}],"author":[{"embeddable":true,"href":"https:\/\/odigo.com\/es\/wp-json\/wp\/v2\/users\/3"}],"replies":[{"embeddable":true,"href":"https:\/\/odigo.com\/es\/wp-json\/wp\/v2\/comments?post=1009144"}],"version-history":[{"count":1,"href":"https:\/\/odigo.com\/es\/wp-json\/wp\/v2\/pages\/1009144\/revisions"}],"predecessor-version":[{"id":1009145,"href":"https:\/\/odigo.com\/es\/wp-json\/wp\/v2\/pages\/1009144\/revisions\/1009145"}],"up":[{"embeddable":true,"href":"https:\/\/odigo.com\/es\/wp-json\/wp\/v2\/pages\/1002930"}],"wp:attachment":[{"href":"https:\/\/odigo.com\/es\/wp-json\/wp\/v2\/media?parent=1009144"}],"wp:term":[{"taxonomy":"topic","embeddable":true,"href":"https:\/\/odigo.com\/es\/wp-json\/wp\/v2\/topic?post=1009144"}],"curies":[{"name":"wp","href":"https:\/\/api.w.org\/{rel}","templated":true}]}}