{"id":1009147,"date":"2026-03-19T19:02:15","date_gmt":"2026-03-19T18:02:15","guid":{"rendered":"https:\/\/odigo.com\/odigo-connect\/unete-a-odigo-connect\/"},"modified":"2026-03-31T14:56:43","modified_gmt":"2026-03-31T13:56:43","slug":"unete-a-odigo-connect","status":"publish","type":"page","link":"https:\/\/odigo.com\/es\/odigo-connect\/unete-a-odigo-connect\/","title":{"rendered":"\u00danete a Odigo Connect"},"content":{"rendered":"\t\t<div data-elementor-type=\"wp-page\" data-elementor-id=\"1009147\" class=\"elementor elementor-1009147 elementor-1007287\" data-elementor-post-type=\"page\">\n\t\t\t\t<div class=\"elementor-element elementor-element-aa36ff6 e-con-full e-flex e-con e-parent\" data-id=\"aa36ff6\" data-element_type=\"container\" data-e-type=\"container\" data-settings=\"{&quot;background_background&quot;:&quot;gradient&quot;}\">\n\t\t<div class=\"elementor-element elementor-element-2f21c0f e-flex e-con-boxed e-con e-child\" data-id=\"2f21c0f\" data-element_type=\"container\" data-e-type=\"container\">\n\t\t\t\t\t<div class=\"e-con-inner\">\n\t\t\t\t<div class=\"elementor-element elementor-element-325ddd7 elementor-widget elementor-widget-heading\" data-id=\"325ddd7\" data-element_type=\"widget\" data-e-type=\"widget\" data-widget_type=\"heading.default\">\n\t\t\t\t\t<p class=\"elementor-heading-title elementor-size-default\">ODIGO CONECTA<\/p>\t\t\t\t<\/div>\n\t\t\t\t<div class=\"elementor-element elementor-element-434fba8 elementor-widget elementor-widget-heading\" data-id=\"434fba8\" data-element_type=\"widget\" data-e-type=\"widget\" data-widget_type=\"heading.default\">\n\t\t\t\t\t<h1 class=\"elementor-heading-title elementor-size-default\">\u00danete a Odigo Connect\n<\/h1>\t\t\t\t<\/div>\n\t\t\t\t<div class=\"elementor-element elementor-element-fb62b52 elementor-widget elementor-widget-text-editor\" data-id=\"fb62b52\" data-element_type=\"widget\" data-e-type=\"widget\" data-widget_type=\"text-editor.default\">\n\t\t\t\t\t\t\t\t\t<p>Tanto si buscas generar oportunidades de negocio como anunciar tu soluci\u00f3n, Odigo Connect es el lugar adecuado.<\/p>\t\t\t\t\t\t\t\t<\/div>\n\t\t\t\t\t<\/div>\n\t\t\t\t<\/div>\n\t\t\t\t<\/div>\n\t\t<div class=\"elementor-element elementor-element-452d348 e-con-full e-flex e-con e-child\" data-id=\"452d348\" data-element_type=\"container\" data-e-type=\"container\">\n\t\t<div class=\"elementor-element elementor-element-ba08a90 e-flex e-con-boxed e-con e-child\" data-id=\"ba08a90\" data-element_type=\"container\" data-e-type=\"container\">\n\t\t\t\t\t<div class=\"e-con-inner\">\n\t\t<div class=\"elementor-element elementor-element-0eec220 e-con-full e-flex e-con e-child\" data-id=\"0eec220\" data-element_type=\"container\" data-e-type=\"container\">\n\t\t\t\t<div class=\"elementor-element elementor-element-d9d9ddf elementor-widget elementor-widget-heading\" data-id=\"d9d9ddf\" data-element_type=\"widget\" data-e-type=\"widget\" data-widget_type=\"heading.default\">\n\t\t\t\t\t<p class=\"elementor-heading-title elementor-size-default\">Beneficios<\/p>\t\t\t\t<\/div>\n\t\t\t\t<div class=\"elementor-element elementor-element-e3532ca elementor-icon-list--layout-traditional elementor-list-item-link-full_width elementor-widget elementor-widget-icon-list\" data-id=\"e3532ca\" data-element_type=\"widget\" data-e-type=\"widget\" data-widget_type=\"icon-list.default\">\n\t\t\t\t\t\t\t<ul class=\"elementor-icon-list-items\">\n\t\t\t\t\t\t\t<li class=\"elementor-icon-list-item\">\n\t\t\t\t\t\t\t\t\t\t\t<span class=\"elementor-icon-list-icon\">\n\t\t\t\t\t\t\t<svg xmlns=\"http:\/\/www.w3.org\/2000\/svg\" width=\"14\" height=\"10\" viewBox=\"0 0 14 10\" fill=\"none\"><path fill-rule=\"evenodd\" clip-rule=\"evenodd\" d=\"M13.5167 0.223579C13.8148 0.521684 13.8148 1.00501 13.5167 1.30311L5.11985 9.69992C4.82174 9.99803 4.33842 9.99803 4.04031 9.69992L0.223579 5.88319C-0.0745263 5.58509 -0.0745263 5.10176 0.223579 4.80366C0.521684 4.50555 1.00501 4.50555 1.30311 4.80366L4.58008 8.08062L12.4371 0.223579C12.7352 -0.0745263 13.2185 -0.0745263 13.5167 0.223579Z\" fill=\"#FF3466\"><\/path><\/svg>\t\t\t\t\t\t<\/span>\n\t\t\t\t\t\t\t\t\t\t<span class=\"elementor-icon-list-text\">Accede a nuestra amplia red de clientes empresariales de Odigo<\/span>\n\t\t\t\t\t\t\t\t\t<\/li>\n\t\t\t\t\t\t\t\t<li class=\"elementor-icon-list-item\">\n\t\t\t\t\t\t\t\t\t\t\t<span class=\"elementor-icon-list-icon\">\n\t\t\t\t\t\t\t<svg xmlns=\"http:\/\/www.w3.org\/2000\/svg\" width=\"14\" height=\"10\" viewBox=\"0 0 14 10\" fill=\"none\"><path fill-rule=\"evenodd\" clip-rule=\"evenodd\" d=\"M13.5167 0.223579C13.8148 0.521684 13.8148 1.00501 13.5167 1.30311L5.11985 9.69992C4.82174 9.99803 4.33842 9.99803 4.04031 9.69992L0.223579 5.88319C-0.0745263 5.58509 -0.0745263 5.10176 0.223579 4.80366C0.521684 4.50555 1.00501 4.50555 1.30311 4.80366L4.58008 8.08062L12.4371 0.223579C12.7352 -0.0745263 13.2185 -0.0745263 13.5167 0.223579Z\" fill=\"#FF3466\"><\/path><\/svg>\t\t\t\t\t\t<\/span>\n\t\t\t\t\t\t\t\t\t\t<span class=\"elementor-icon-list-text\">Consigue una mayor exposici\u00f3n para tu empresa<\/span>\n\t\t\t\t\t\t\t\t\t<\/li>\n\t\t\t\t\t\t\t\t<li class=\"elementor-icon-list-item\">\n\t\t\t\t\t\t\t\t\t\t\t<span class=\"elementor-icon-list-icon\">\n\t\t\t\t\t\t\t<svg xmlns=\"http:\/\/www.w3.org\/2000\/svg\" width=\"14\" height=\"10\" viewBox=\"0 0 14 10\" fill=\"none\"><path fill-rule=\"evenodd\" clip-rule=\"evenodd\" d=\"M13.5167 0.223579C13.8148 0.521684 13.8148 1.00501 13.5167 1.30311L5.11985 9.69992C4.82174 9.99803 4.33842 9.99803 4.04031 9.69992L0.223579 5.88319C-0.0745263 5.58509 -0.0745263 5.10176 0.223579 4.80366C0.521684 4.50555 1.00501 4.50555 1.30311 4.80366L4.58008 8.08062L12.4371 0.223579C12.7352 -0.0745263 13.2185 -0.0745263 13.5167 0.223579Z\" fill=\"#FF3466\"><\/path><\/svg>\t\t\t\t\t\t<\/span>\n\t\t\t\t\t\t\t\t\t\t<span class=\"elementor-icon-list-text\">Aprovecha las campa\u00f1as promocionales de Odigo<\/span>\n\t\t\t\t\t\t\t\t\t<\/li>\n\t\t\t\t\t\t<\/ul>\n\t\t\t\t\t\t<\/div>\n\t\t\t\t<\/div>\n\t\t<div class=\"elementor-element elementor-element-6acec08 e-con-full e-flex e-con e-child\" data-id=\"6acec08\" data-element_type=\"container\" data-e-type=\"container\" data-settings=\"{&quot;background_background&quot;:&quot;classic&quot;}\">\n\t\t\t\t<div class=\"elementor-element elementor-element-60be058 elementor-widget elementor-widget-text-editor\" data-id=\"60be058\" data-element_type=\"widget\" data-e-type=\"widget\" data-widget_type=\"text-editor.default\">\n\t\t\t\t\t\t\t\t\tPara m\u00e1s informaci\u00f3n sobre c\u00f3mo unirte a Odigo Connect, s\u00f3lo tienes que rellenar el formulario.\t\t\t\t\t\t\t\t<\/div>\n\t\t\t\t<div class=\"elementor-element elementor-element-63cebea elementor-button-align-stretch elementor-widget elementor-widget-form\" data-id=\"63cebea\" data-element_type=\"widget\" data-e-type=\"widget\" data-settings=\"{&quot;step_next_label&quot;:&quot;Siguiente&quot;,&quot;step_previous_label&quot;:&quot;Anterior&quot;,&quot;button_width&quot;:&quot;100&quot;,&quot;step_type&quot;:&quot;number_text&quot;,&quot;step_icon_shape&quot;:&quot;circle&quot;}\" data-widget_type=\"form.default\">\n\t\t\t\t\t\t\t<form class=\"elementor-form\" method=\"post\" id=\"join_odigo_connect\" name=\"ES Formulario \u00danete a Odigo Connect\" aria-label=\"ES Formulario \u00danete a Odigo Connect\" novalidate=\"\">\n\t\t\t<input type=\"hidden\" name=\"post_id\" value=\"1009147\"\/>\n\t\t\t<input type=\"hidden\" name=\"form_id\" value=\"63cebea\"\/>\n\t\t\t<input type=\"hidden\" name=\"referer_title\" value=\"Odigo\" \/>\n\n\t\t\t\n\t\t\t<div class=\"elementor-form-fields-wrapper elementor-labels-above\">\n\t\t\t\t\t\t\t\t<div class=\"elementor-field-type-text elementor-field-group elementor-column elementor-field-group-company elementor-col-50 elementor-field-required\">\n\t\t\t\t\t\t\t\t\t\t\t\t<label for=\"form-field-company\" class=\"elementor-field-label\">\n\t\t\t\t\t\t\t\tEmpresa\t\t\t\t\t\t\t<\/label>\n\t\t\t\t\t\t\t\t\t\t\t\t\t\t<input size=\"1\" type=\"text\" name=\"form_fields[company]\" id=\"form-field-company\" class=\"elementor-field elementor-size-sm  elementor-field-textual\" required=\"required\">\n\t\t\t\t\t\t\t\t\t\t\t<\/div>\n\t\t\t\t\t\t\t\t<div class=\"elementor-field-type-text elementor-field-group elementor-column elementor-field-group-country elementor-col-50 elementor-field-required\">\n\t\t\t\t\t\t\t\t\t\t\t\t<label for=\"form-field-country\" class=\"elementor-field-label\">\n\t\t\t\t\t\t\t\tPa\u00eds\t\t\t\t\t\t\t<\/label>\n\t\t\t\t\t\t\t\t\t\t\t\t\t\t<input size=\"1\" type=\"text\" name=\"form_fields[country]\" id=\"form-field-country\" class=\"elementor-field elementor-size-sm  elementor-field-textual\" required=\"required\">\n\t\t\t\t\t\t\t\t\t\t\t<\/div>\n\t\t\t\t\t\t\t\t<div class=\"elementor-field-type-text elementor-field-group elementor-column elementor-field-group-firstname elementor-col-50 elementor-field-required\">\n\t\t\t\t\t\t\t\t\t\t\t\t<label for=\"form-field-firstname\" class=\"elementor-field-label\">\n\t\t\t\t\t\t\t\tNombre\t\t\t\t\t\t\t<\/label>\n\t\t\t\t\t\t\t\t\t\t\t\t\t\t<input size=\"1\" type=\"text\" name=\"form_fields[firstname]\" id=\"form-field-firstname\" class=\"elementor-field elementor-size-sm  elementor-field-textual\" required=\"required\">\n\t\t\t\t\t\t\t\t\t\t\t<\/div>\n\t\t\t\t\t\t\t\t<div class=\"elementor-field-type-text elementor-field-group elementor-column elementor-field-group-lastname elementor-col-50 elementor-field-required\">\n\t\t\t\t\t\t\t\t\t\t\t\t<label for=\"form-field-lastname\" class=\"elementor-field-label\">\n\t\t\t\t\t\t\t\tLast name\t\t\t\t\t\t\t<\/label>\n\t\t\t\t\t\t\t\t\t\t\t\t\t\t<input size=\"1\" type=\"text\" name=\"form_fields[lastname]\" id=\"form-field-lastname\" class=\"elementor-field elementor-size-sm  elementor-field-textual\" required=\"required\">\n\t\t\t\t\t\t\t\t\t\t\t<\/div>\n\t\t\t\t\t\t\t\t<div class=\"elementor-field-type-email elementor-field-group elementor-column elementor-field-group-email elementor-col-50 elementor-field-required\">\n\t\t\t\t\t\t\t\t\t\t\t\t<label for=\"form-field-email\" class=\"elementor-field-label\">\n\t\t\t\t\t\t\t\tEnv\u00eda un correo electr\u00f3nico a\t\t\t\t\t\t\t<\/label>\n\t\t\t\t\t\t\t\t\t\t\t\t\t\t<input size=\"1\" type=\"email\" name=\"form_fields[email]\" id=\"form-field-email\" class=\"elementor-field elementor-size-sm  elementor-field-textual\" placeholder=\"Email\" required=\"required\">\n\t\t\t\t\t\t\t\t\t\t\t<\/div>\n\t\t\t\t\t\t\t\t<div class=\"elementor-field-type-tel elementor-field-group elementor-column elementor-field-group-phone elementor-col-50 elementor-field-required\">\n\t\t\t\t\t\t\t\t\t\t\t\t<label for=\"form-field-phone\" class=\"elementor-field-label\">\n\t\t\t\t\t\t\t\tTel\u00e9fono\t\t\t\t\t\t\t<\/label>\n\t\t\t\t\t\t\t\t<input size=\"1\" type=\"tel\" name=\"form_fields[phone]\" id=\"form-field-phone\" class=\"elementor-field elementor-size-sm  elementor-field-textual\" required=\"required\" pattern=\"[0-9()#&amp;+*-=.]+\" title=\"Solo se aceptan n\u00fameros y caracteres de tel\u00e9fono (#,-,*,etc).\">\n\n\t\t\t\t\t\t<\/div>\n\t\t\t\t\t\t\t\t<div class=\"elementor-field-type-odv_acceptance elementor-field-group elementor-column elementor-field-group-field_be5767a elementor-col-100\">\n\t\t\t\t\t\t\t\t\t\t\t\t<label for=\"form-field-field_be5767a\" class=\"elementor-field-label\">\n\t\t\t\t\t\t\t\tmarketing\t\t\t\t\t\t\t<\/label>\n\t\t\t\t\t\t<style>\r\n    \/* Make text wrap under the checkbox (float), not in a reserved flex column *\/\r\n    .odv-acceptance__label{\r\n        display:block;\r\n        cursor:pointer;\r\n    }\r\n\r\n    .odv-acceptance__checkbox{\r\n        float:left;\r\n        margin: 3px 10px 0 0;\r\n    }\r\n\r\n    .odv-acceptance__text{\r\n        display:block;\r\n        overflow-wrap:anywhere;\r\n        color: #fff;\r\n        line-height: 1.5;\r\n        font-size: 14px;\r\n    }\r\n\r\n    \/* Clear float *\/\r\n    .odv-acceptance__label::after{\r\n        content:\"\";\r\n        display:block;\r\n        clear:both;\r\n    }\r\n<\/style>\r\n               <div class=\"odv-acceptance\">  <label class=\"odv-acceptance__label\" for=\"field_be5767a\">    <input type=\"hidden\" name=\"form_fields[field_be5767a]\" value=\"0\">    <input type=\"checkbox\" class=\"odv-acceptance__checkbox\" name=\"form_fields[field_be5767a]\" id=\"field_be5767a\" value=\"1\" >    <span class=\"odv-acceptance__text\"><p>I want to receive marketing emails and other personalized communications about Odigo\u2019s news and new features.<\/p><\/span>  <\/label><\/div>\t\t\t\t<\/div>\n\t\t\t\t\t\t\t\t<div class=\"elementor-field-type-odv_acceptance elementor-field-group elementor-column elementor-field-group-field_85f48ad elementor-col-100 elementor-field-required\">\n\t\t\t\t\t\t\t\t\t\t\t\t<label for=\"form-field-field_85f48ad\" class=\"elementor-field-label\">\n\t\t\t\t\t\t\t\tprivacy\t\t\t\t\t\t\t<\/label>\n\t\t\t\t\t\t<style>\r\n    \/* Make text wrap under the checkbox (float), not in a reserved flex column *\/\r\n    .odv-acceptance__label{\r\n        display:block;\r\n        cursor:pointer;\r\n    }\r\n\r\n    .odv-acceptance__checkbox{\r\n        float:left;\r\n        margin: 3px 10px 0 0;\r\n    }\r\n\r\n    .odv-acceptance__text{\r\n        display:block;\r\n        overflow-wrap:anywhere;\r\n        color: #fff;\r\n        line-height: 1.5;\r\n        font-size: 14px;\r\n    }\r\n\r\n    \/* Clear float *\/\r\n    .odv-acceptance__label::after{\r\n        content:\"\";\r\n        display:block;\r\n        clear:both;\r\n    }\r\n<\/style>\r\n               <div class=\"odv-acceptance\">  <label class=\"odv-acceptance__label\" for=\"field_85f48ad\">    <input type=\"hidden\" name=\"form_fields[field_85f48ad]\" value=\"0\">    <input type=\"checkbox\" class=\"odv-acceptance__checkbox\" name=\"form_fields[field_85f48ad]\" id=\"field_85f48ad\" value=\"1\" required>    <span class=\"odv-acceptance__text\"><p>The information collected on this form qualifies as personal data. Odigo, as the Data Controller, will only use your personal data for the purpose of processing and\/or responding to your requests. For more information on the processing of your personal data or your rights, please consult our detailed\u00a0<a href=\"https:\/\/darkorange-wildcat-779784.hostingersite.com\/privacy-policy\/\">Privacy Policy<\/a>.<\/p><\/span>  <\/label><\/div>\t\t\t\t<\/div>\n\t\t\t\t\t\t\t\t<div class=\"elementor-field-group elementor-column elementor-field-type-submit elementor-col-100 e-form__buttons\">\n\t\t\t\t\t<button class=\"elementor-button elementor-size-sm\" type=\"submit\">\n\t\t\t\t\t\t<span class=\"elementor-button-content-wrapper\">\n\t\t\t\t\t\t\t\t\t\t\t\t\t\t\t\t\t\t\t\t\t\t<span class=\"elementor-button-text\">\u00a1Dime c\u00f3mo unirme!<\/span>\n\t\t\t\t\t\t\t\t\t\t\t\t\t<\/span>\n\t\t\t\t\t<\/button>\n\t\t\t\t<\/div>\n\t\t\t<\/div>\n\t\t<\/form>\n\t\t\t\t\t\t<\/div>\n\t\t\t\t<\/div>\n\t\t\t\t\t<\/div>\n\t\t\t\t<\/div>\n\t\t\t\t<\/div>\n\t\t\t\t<\/div>\n\t\t","protected":false},"excerpt":{"rendered":"<p>ODIGO CONECTA \u00danete a Odigo Connect Tanto si buscas generar oportunidades de negocio como anunciar tu soluci\u00f3n, Odigo Connect es el lugar adecuado. Beneficios Accede a nuestra amplia red de clientes empresariales de Odigo Consigue una mayor exposici\u00f3n para tu empresa Aprovecha las campa\u00f1as promocionales de Odigo Para m\u00e1s informaci\u00f3n sobre c\u00f3mo unirte a Odigo [&hellip;]<\/p>\n","protected":false},"author":3,"featured_media":0,"parent":1002930,"menu_order":0,"comment_status":"closed","ping_status":"closed","template":"","meta":{"_acf_changed":false,"footnotes":""},"topic":[],"class_list":["post-1009147","page","type-page","status-publish","hentry"],"acf":[],"yoast_head":"<!-- This site is optimized with the Yoast SEO plugin v27.5 - https:\/\/yoast.com\/product\/yoast-seo-wordpress\/ -->\n<title>\u00danete a Odigo Connect - Odigo<\/title>\n<meta name=\"robots\" content=\"index, follow, max-snippet:-1, max-image-preview:large, max-video-preview:-1\" \/>\n<link rel=\"canonical\" href=\"https:\/\/odigo.com\/es\/odigo-connect\/unete-a-odigo-connect\/\" \/>\n<meta property=\"og:locale\" content=\"es_ES\" \/>\n<meta property=\"og:type\" content=\"article\" \/>\n<meta property=\"og:title\" content=\"\u00danete a Odigo Connect - Odigo\" \/>\n<meta property=\"og:description\" content=\"ODIGO CONECTA \u00danete a Odigo Connect Tanto si buscas generar oportunidades de negocio como anunciar tu soluci\u00f3n, Odigo Connect es el lugar adecuado. Beneficios Accede a nuestra amplia red de clientes empresariales de Odigo Consigue una mayor exposici\u00f3n para tu empresa Aprovecha las campa\u00f1as promocionales de Odigo Para m\u00e1s informaci\u00f3n sobre c\u00f3mo unirte a Odigo [&hellip;]\" \/>\n<meta property=\"og:url\" content=\"https:\/\/odigo.com\/es\/odigo-connect\/unete-a-odigo-connect\/\" \/>\n<meta property=\"og:site_name\" content=\"Odigo\" \/>\n<meta property=\"article:modified_time\" content=\"2026-03-31T13:56:43+00:00\" \/>\n<meta name=\"twitter:card\" content=\"summary_large_image\" \/>\n<script type=\"application\/ld+json\" class=\"yoast-schema-graph\">{\"@context\":\"https:\\\/\\\/schema.org\",\"@graph\":[{\"@type\":\"WebPage\",\"@id\":\"https:\\\/\\\/odigo.com\\\/es\\\/odigo-connect\\\/unete-a-odigo-connect\\\/\",\"url\":\"https:\\\/\\\/odigo.com\\\/es\\\/odigo-connect\\\/unete-a-odigo-connect\\\/\",\"name\":\"\u00danete a Odigo Connect - Odigo\",\"isPartOf\":{\"@id\":\"https:\\\/\\\/odigo.com\\\/es\\\/#website\"},\"datePublished\":\"2026-03-19T18:02:15+00:00\",\"dateModified\":\"2026-03-31T13:56:43+00:00\",\"breadcrumb\":{\"@id\":\"https:\\\/\\\/odigo.com\\\/es\\\/odigo-connect\\\/unete-a-odigo-connect\\\/#breadcrumb\"},\"inLanguage\":\"es\",\"potentialAction\":[{\"@type\":\"ReadAction\",\"target\":[\"https:\\\/\\\/odigo.com\\\/es\\\/odigo-connect\\\/unete-a-odigo-connect\\\/\"]}]},{\"@type\":\"BreadcrumbList\",\"@id\":\"https:\\\/\\\/odigo.com\\\/es\\\/odigo-connect\\\/unete-a-odigo-connect\\\/#breadcrumb\",\"itemListElement\":[{\"@type\":\"ListItem\",\"position\":1,\"name\":\"Accueil\",\"item\":\"https:\\\/\\\/odigo.com\\\/es\\\/inicio\\\/\"},{\"@type\":\"ListItem\",\"position\":2,\"name\":\"Odigo Connect\",\"item\":\"https:\\\/\\\/odigo.com\\\/es\\\/odigo-connect\\\/\"},{\"@type\":\"ListItem\",\"position\":3,\"name\":\"\u00danete a Odigo Connect\"}]},{\"@type\":\"WebSite\",\"@id\":\"https:\\\/\\\/odigo.com\\\/es\\\/#website\",\"url\":\"https:\\\/\\\/odigo.com\\\/es\\\/\",\"name\":\"Odigo\",\"description\":\"\",\"publisher\":{\"@id\":\"https:\\\/\\\/odigo.com\\\/es\\\/#organization\"},\"potentialAction\":[{\"@type\":\"SearchAction\",\"target\":{\"@type\":\"EntryPoint\",\"urlTemplate\":\"https:\\\/\\\/odigo.com\\\/es\\\/?s={search_term_string}\"},\"query-input\":{\"@type\":\"PropertyValueSpecification\",\"valueRequired\":true,\"valueName\":\"search_term_string\"}}],\"inLanguage\":\"es\"},{\"@type\":\"Organization\",\"@id\":\"https:\\\/\\\/odigo.com\\\/es\\\/#organization\",\"name\":\"Odigo\",\"url\":\"https:\\\/\\\/odigo.com\\\/es\\\/\",\"logo\":{\"@type\":\"ImageObject\",\"inLanguage\":\"es\",\"@id\":\"https:\\\/\\\/odigo.com\\\/es\\\/#\\\/schema\\\/logo\\\/image\\\/\",\"url\":\"https:\\\/\\\/odigo.com\\\/wp-content\\\/uploads\\\/2026\\\/03\\\/logo-odigo.svg\",\"contentUrl\":\"https:\\\/\\\/odigo.com\\\/wp-content\\\/uploads\\\/2026\\\/03\\\/logo-odigo.svg\",\"caption\":\"Odigo\"},\"image\":{\"@id\":\"https:\\\/\\\/odigo.com\\\/es\\\/#\\\/schema\\\/logo\\\/image\\\/\"}}]}<\/script>\n<!-- \/ Yoast SEO plugin. -->","yoast_head_json":{"title":"\u00danete a Odigo Connect - Odigo","robots":{"index":"index","follow":"follow","max-snippet":"max-snippet:-1","max-image-preview":"max-image-preview:large","max-video-preview":"max-video-preview:-1"},"canonical":"https:\/\/odigo.com\/es\/odigo-connect\/unete-a-odigo-connect\/","og_locale":"es_ES","og_type":"article","og_title":"\u00danete a Odigo Connect - Odigo","og_description":"ODIGO CONECTA \u00danete a Odigo Connect Tanto si buscas generar oportunidades de negocio como anunciar tu soluci\u00f3n, Odigo Connect es el lugar adecuado. Beneficios Accede a nuestra amplia red de clientes empresariales de Odigo Consigue una mayor exposici\u00f3n para tu empresa Aprovecha las campa\u00f1as promocionales de Odigo Para m\u00e1s informaci\u00f3n sobre c\u00f3mo unirte a Odigo [&hellip;]","og_url":"https:\/\/odigo.com\/es\/odigo-connect\/unete-a-odigo-connect\/","og_site_name":"Odigo","article_modified_time":"2026-03-31T13:56:43+00:00","twitter_card":"summary_large_image","schema":{"@context":"https:\/\/schema.org","@graph":[{"@type":"WebPage","@id":"https:\/\/odigo.com\/es\/odigo-connect\/unete-a-odigo-connect\/","url":"https:\/\/odigo.com\/es\/odigo-connect\/unete-a-odigo-connect\/","name":"\u00danete a Odigo Connect - Odigo","isPartOf":{"@id":"https:\/\/odigo.com\/es\/#website"},"datePublished":"2026-03-19T18:02:15+00:00","dateModified":"2026-03-31T13:56:43+00:00","breadcrumb":{"@id":"https:\/\/odigo.com\/es\/odigo-connect\/unete-a-odigo-connect\/#breadcrumb"},"inLanguage":"es","potentialAction":[{"@type":"ReadAction","target":["https:\/\/odigo.com\/es\/odigo-connect\/unete-a-odigo-connect\/"]}]},{"@type":"BreadcrumbList","@id":"https:\/\/odigo.com\/es\/odigo-connect\/unete-a-odigo-connect\/#breadcrumb","itemListElement":[{"@type":"ListItem","position":1,"name":"Accueil","item":"https:\/\/odigo.com\/es\/inicio\/"},{"@type":"ListItem","position":2,"name":"Odigo Connect","item":"https:\/\/odigo.com\/es\/odigo-connect\/"},{"@type":"ListItem","position":3,"name":"\u00danete a Odigo Connect"}]},{"@type":"WebSite","@id":"https:\/\/odigo.com\/es\/#website","url":"https:\/\/odigo.com\/es\/","name":"Odigo","description":"","publisher":{"@id":"https:\/\/odigo.com\/es\/#organization"},"potentialAction":[{"@type":"SearchAction","target":{"@type":"EntryPoint","urlTemplate":"https:\/\/odigo.com\/es\/?s={search_term_string}"},"query-input":{"@type":"PropertyValueSpecification","valueRequired":true,"valueName":"search_term_string"}}],"inLanguage":"es"},{"@type":"Organization","@id":"https:\/\/odigo.com\/es\/#organization","name":"Odigo","url":"https:\/\/odigo.com\/es\/","logo":{"@type":"ImageObject","inLanguage":"es","@id":"https:\/\/odigo.com\/es\/#\/schema\/logo\/image\/","url":"https:\/\/odigo.com\/wp-content\/uploads\/2026\/03\/logo-odigo.svg","contentUrl":"https:\/\/odigo.com\/wp-content\/uploads\/2026\/03\/logo-odigo.svg","caption":"Odigo"},"image":{"@id":"https:\/\/odigo.com\/es\/#\/schema\/logo\/image\/"}}]}},"_links":{"self":[{"href":"https:\/\/odigo.com\/es\/wp-json\/wp\/v2\/pages\/1009147","targetHints":{"allow":["GET"]}}],"collection":[{"href":"https:\/\/odigo.com\/es\/wp-json\/wp\/v2\/pages"}],"about":[{"href":"https:\/\/odigo.com\/es\/wp-json\/wp\/v2\/types\/page"}],"author":[{"embeddable":true,"href":"https:\/\/odigo.com\/es\/wp-json\/wp\/v2\/users\/3"}],"replies":[{"embeddable":true,"href":"https:\/\/odigo.com\/es\/wp-json\/wp\/v2\/comments?post=1009147"}],"version-history":[{"count":1,"href":"https:\/\/odigo.com\/es\/wp-json\/wp\/v2\/pages\/1009147\/revisions"}],"predecessor-version":[{"id":1009148,"href":"https:\/\/odigo.com\/es\/wp-json\/wp\/v2\/pages\/1009147\/revisions\/1009148"}],"up":[{"embeddable":true,"href":"https:\/\/odigo.com\/es\/wp-json\/wp\/v2\/pages\/1002930"}],"wp:attachment":[{"href":"https:\/\/odigo.com\/es\/wp-json\/wp\/v2\/media?parent=1009147"}],"wp:term":[{"taxonomy":"topic","embeddable":true,"href":"https:\/\/odigo.com\/es\/wp-json\/wp\/v2\/topic?post=1009147"}],"curies":[{"name":"wp","href":"https:\/\/api.w.org\/{rel}","templated":true}]}}