{"id":193894,"date":"2021-04-22T09:41:11","date_gmt":"2021-04-22T09:41:11","guid":{"rendered":"https:\/\/www.odigo.com\/?page_id=3514"},"modified":"2026-03-17T08:54:08","modified_gmt":"2026-03-17T07:54:08","slug":"mentions-legales","status":"publish","type":"page","link":"https:\/\/odigo.com\/fr\/mentions-legales\/","title":{"rendered":"Mentions l\u00e9gales"},"content":{"rendered":"\t\t<div data-elementor-type=\"wp-page\" data-elementor-id=\"193894\" class=\"elementor elementor-193894\" data-elementor-post-type=\"page\">\n\t\t\t\t<div class=\"elementor-element elementor-element-4239c4c6 e-flex e-con-boxed e-con e-parent\" data-id=\"4239c4c6\" data-element_type=\"container\" data-e-type=\"container\">\n\t\t\t\t\t<div class=\"e-con-inner\">\n\t\t\t\t<div class=\"elementor-element elementor-element-be608c4 elementor-widget elementor-widget-heading\" data-id=\"be608c4\" data-element_type=\"widget\" data-e-type=\"widget\" data-widget_type=\"heading.default\">\n\t\t\t\t\t<h1 class=\"elementor-heading-title elementor-size-default\">Mentions l\u00e9gales<\/h1>\t\t\t\t<\/div>\n\t\t\t\t<div class=\"elementor-element elementor-element-4bcc8d22 elementor-widget elementor-widget-text-editor\" data-id=\"4bcc8d22\" data-element_type=\"widget\" data-e-type=\"widget\" data-widget_type=\"text-editor.default\">\n\t\t\t\t\t\t\t\t\t<h3>Nom de la soci\u00e9t\u00e9 : Odigo<\/h3><p><strong>Si\u00e8ge social :<\/strong><br \/>M\u00e9tal 57<br \/>Odigo SAS<br \/>50 cours de l&rsquo;Ile Seguin <br \/>92100 Boulogne-Billancourt\u00a0<\/p><p><strong>Forme juridique : <\/strong>soci\u00e9t\u00e9 par actions simplifi\u00e9e \u00e0 associ\u00e9 unique<\/p><p><strong>RCS :<\/strong> Nanterre 529 038 978<\/p><p><strong>N\u00b0 de TVA intracommunautaire\u00a0:<\/strong> FR 36 529 038 978<\/p><p>Soci\u00e9t\u00e9 par actions simplifi\u00e9e avec un capital de : 86.883.148 \u20ac.<\/p><p><strong>Directeur de la publication\u00a0:<\/strong> Herv\u00e9 Leroux<\/p><p><strong>R\u00e9dacteur en chef\u00a0:<\/strong> C\u00e9line Ulpiano<\/p><p><strong>H\u00e9bergement du site\u00a0:<\/strong><\/p><p>Automattic Inc<br \/>60 29th Street #343<br \/>San Francisco, CA 94110<br \/>T\u00e9l.\u00a0: (877) 273-3049<\/p><p>En cas de probl\u00e8mes concernant le contenu de ce site, merci de nous contacter \u00e0 l\u2019adresse <a href=\"mailto:contact.odigo.fr@odigo.com\">contact.odigo.fr@odigo.com<\/a><\/p>\t\t\t\t\t\t\t\t<\/div>\n\t\t\t\t\t<\/div>\n\t\t\t\t<\/div>\n\t\t\t\t<\/div>\n\t\t","protected":false},"excerpt":{"rendered":"<p>Mentions l\u00e9gales Nom de la soci\u00e9t\u00e9 : Odigo Si\u00e8ge social :M\u00e9tal 57Odigo SAS50 cours de l&rsquo;Ile Seguin 92100 Boulogne-Billancourt\u00a0 Forme juridique : soci\u00e9t\u00e9 par actions simplifi\u00e9e \u00e0 associ\u00e9 unique RCS : Nanterre 529 038 978 N\u00b0 de TVA intracommunautaire\u00a0: FR 36 529 038 978 Soci\u00e9t\u00e9 par actions simplifi\u00e9e avec un capital de : 86.883.148 \u20ac. [&hellip;]<\/p>\n","protected":false},"author":2,"featured_media":0,"parent":0,"menu_order":0,"comment_status":"closed","ping_status":"closed","template":"","meta":{"_acf_changed":false,"footnotes":""},"topic":[],"class_list":["post-193894","page","type-page","status-publish","hentry"],"acf":[],"yoast_head":"<!-- This site is optimized with the Yoast SEO plugin v27.3 - https:\/\/yoast.com\/product\/yoast-seo-wordpress\/ -->\n<title>Mentions l\u00e9gales | Odigo<\/title>\n<meta name=\"description\" content=\"Consultez les mentions l\u00e9gales d\u2019Odigo pour conna\u00eetre les informations officielles et conditions d\u2019utilisation de notre site.\" \/>\n<meta name=\"robots\" content=\"index, follow, max-snippet:-1, max-image-preview:large, max-video-preview:-1\" \/>\n<link rel=\"canonical\" href=\"https:\/\/odigo.com\/fr\/mentions-legales\/\" \/>\n<meta property=\"og:locale\" content=\"fr_FR\" \/>\n<meta property=\"og:type\" content=\"article\" \/>\n<meta property=\"og:title\" content=\"Mentions l\u00e9gales | Odigo\" \/>\n<meta property=\"og:description\" content=\"Consultez les mentions l\u00e9gales d\u2019Odigo pour conna\u00eetre les informations officielles et conditions d\u2019utilisation de notre site.\" \/>\n<meta property=\"og:url\" content=\"https:\/\/odigo.com\/fr\/mentions-legales\/\" \/>\n<meta property=\"og:site_name\" content=\"Odigo\" \/>\n<meta property=\"article:modified_time\" content=\"2026-03-17T07:54:08+00:00\" \/>\n<meta name=\"twitter:card\" content=\"summary_large_image\" \/>\n<meta name=\"twitter:label1\" content=\"Dur\u00e9e de lecture estim\u00e9e\" \/>\n\t<meta name=\"twitter:data1\" content=\"1 minute\" \/>\n<script type=\"application\/ld+json\" class=\"yoast-schema-graph\">{\"@context\":\"https:\\\/\\\/schema.org\",\"@graph\":[{\"@type\":\"WebPage\",\"@id\":\"https:\\\/\\\/odigo.com\\\/fr\\\/mentions-legales\\\/\",\"url\":\"https:\\\/\\\/odigo.com\\\/fr\\\/mentions-legales\\\/\",\"name\":\"Mentions l\u00e9gales | Odigo\",\"isPartOf\":{\"@id\":\"https:\\\/\\\/odigo.com\\\/fr\\\/#website\"},\"datePublished\":\"2021-04-22T09:41:11+00:00\",\"dateModified\":\"2026-03-17T07:54:08+00:00\",\"description\":\"Consultez les mentions l\u00e9gales d\u2019Odigo pour conna\u00eetre les informations officielles et conditions d\u2019utilisation de notre site.\",\"breadcrumb\":{\"@id\":\"https:\\\/\\\/odigo.com\\\/fr\\\/mentions-legales\\\/#breadcrumb\"},\"inLanguage\":\"fr-FR\",\"potentialAction\":[{\"@type\":\"ReadAction\",\"target\":[\"https:\\\/\\\/odigo.com\\\/fr\\\/mentions-legales\\\/\"]}]},{\"@type\":\"BreadcrumbList\",\"@id\":\"https:\\\/\\\/odigo.com\\\/fr\\\/mentions-legales\\\/#breadcrumb\",\"itemListElement\":[{\"@type\":\"ListItem\",\"position\":1,\"name\":\"Accueil\",\"item\":\"https:\\\/\\\/odigo.com\\\/fr\\\/\"},{\"@type\":\"ListItem\",\"position\":2,\"name\":\"Mentions l\u00e9gales\"}]},{\"@type\":\"WebSite\",\"@id\":\"https:\\\/\\\/odigo.com\\\/fr\\\/#website\",\"url\":\"https:\\\/\\\/odigo.com\\\/fr\\\/\",\"name\":\"Odigo\",\"description\":\"\",\"publisher\":{\"@id\":\"https:\\\/\\\/odigo.com\\\/fr\\\/#organization\"},\"potentialAction\":[{\"@type\":\"SearchAction\",\"target\":{\"@type\":\"EntryPoint\",\"urlTemplate\":\"https:\\\/\\\/odigo.com\\\/fr\\\/?s={search_term_string}\"},\"query-input\":{\"@type\":\"PropertyValueSpecification\",\"valueRequired\":true,\"valueName\":\"search_term_string\"}}],\"inLanguage\":\"fr-FR\"},{\"@type\":\"Organization\",\"@id\":\"https:\\\/\\\/odigo.com\\\/fr\\\/#organization\",\"name\":\"Odigo\",\"url\":\"https:\\\/\\\/odigo.com\\\/fr\\\/\",\"logo\":{\"@type\":\"ImageObject\",\"inLanguage\":\"fr-FR\",\"@id\":\"https:\\\/\\\/odigo.com\\\/fr\\\/#\\\/schema\\\/logo\\\/image\\\/\",\"url\":\"https:\\\/\\\/odigo.com\\\/wp-content\\\/uploads\\\/2026\\\/03\\\/logo-odigo.svg\",\"contentUrl\":\"https:\\\/\\\/odigo.com\\\/wp-content\\\/uploads\\\/2026\\\/03\\\/logo-odigo.svg\",\"width\":142,\"height\":63,\"caption\":\"Odigo\"},\"image\":{\"@id\":\"https:\\\/\\\/odigo.com\\\/fr\\\/#\\\/schema\\\/logo\\\/image\\\/\"}}]}<\/script>\n<!-- \/ Yoast SEO plugin. -->","yoast_head_json":{"title":"Mentions l\u00e9gales | Odigo","description":"Consultez les mentions l\u00e9gales d\u2019Odigo pour conna\u00eetre les informations officielles et conditions d\u2019utilisation de notre site.","robots":{"index":"index","follow":"follow","max-snippet":"max-snippet:-1","max-image-preview":"max-image-preview:large","max-video-preview":"max-video-preview:-1"},"canonical":"https:\/\/odigo.com\/fr\/mentions-legales\/","og_locale":"fr_FR","og_type":"article","og_title":"Mentions l\u00e9gales | Odigo","og_description":"Consultez les mentions l\u00e9gales d\u2019Odigo pour conna\u00eetre les informations officielles et conditions d\u2019utilisation de notre site.","og_url":"https:\/\/odigo.com\/fr\/mentions-legales\/","og_site_name":"Odigo","article_modified_time":"2026-03-17T07:54:08+00:00","twitter_card":"summary_large_image","twitter_misc":{"Dur\u00e9e de lecture estim\u00e9e":"1 minute"},"schema":{"@context":"https:\/\/schema.org","@graph":[{"@type":"WebPage","@id":"https:\/\/odigo.com\/fr\/mentions-legales\/","url":"https:\/\/odigo.com\/fr\/mentions-legales\/","name":"Mentions l\u00e9gales | Odigo","isPartOf":{"@id":"https:\/\/odigo.com\/fr\/#website"},"datePublished":"2021-04-22T09:41:11+00:00","dateModified":"2026-03-17T07:54:08+00:00","description":"Consultez les mentions l\u00e9gales d\u2019Odigo pour conna\u00eetre les informations officielles et conditions d\u2019utilisation de notre site.","breadcrumb":{"@id":"https:\/\/odigo.com\/fr\/mentions-legales\/#breadcrumb"},"inLanguage":"fr-FR","potentialAction":[{"@type":"ReadAction","target":["https:\/\/odigo.com\/fr\/mentions-legales\/"]}]},{"@type":"BreadcrumbList","@id":"https:\/\/odigo.com\/fr\/mentions-legales\/#breadcrumb","itemListElement":[{"@type":"ListItem","position":1,"name":"Accueil","item":"https:\/\/odigo.com\/fr\/"},{"@type":"ListItem","position":2,"name":"Mentions l\u00e9gales"}]},{"@type":"WebSite","@id":"https:\/\/odigo.com\/fr\/#website","url":"https:\/\/odigo.com\/fr\/","name":"Odigo","description":"","publisher":{"@id":"https:\/\/odigo.com\/fr\/#organization"},"potentialAction":[{"@type":"SearchAction","target":{"@type":"EntryPoint","urlTemplate":"https:\/\/odigo.com\/fr\/?s={search_term_string}"},"query-input":{"@type":"PropertyValueSpecification","valueRequired":true,"valueName":"search_term_string"}}],"inLanguage":"fr-FR"},{"@type":"Organization","@id":"https:\/\/odigo.com\/fr\/#organization","name":"Odigo","url":"https:\/\/odigo.com\/fr\/","logo":{"@type":"ImageObject","inLanguage":"fr-FR","@id":"https:\/\/odigo.com\/fr\/#\/schema\/logo\/image\/","url":"https:\/\/odigo.com\/wp-content\/uploads\/2026\/03\/logo-odigo.svg","contentUrl":"https:\/\/odigo.com\/wp-content\/uploads\/2026\/03\/logo-odigo.svg","width":142,"height":63,"caption":"Odigo"},"image":{"@id":"https:\/\/odigo.com\/fr\/#\/schema\/logo\/image\/"}}]}},"_links":{"self":[{"href":"https:\/\/odigo.com\/fr\/wp-json\/wp\/v2\/pages\/193894","targetHints":{"allow":["GET"]}}],"collection":[{"href":"https:\/\/odigo.com\/fr\/wp-json\/wp\/v2\/pages"}],"about":[{"href":"https:\/\/odigo.com\/fr\/wp-json\/wp\/v2\/types\/page"}],"author":[{"embeddable":true,"href":"https:\/\/odigo.com\/fr\/wp-json\/wp\/v2\/users\/2"}],"replies":[{"embeddable":true,"href":"https:\/\/odigo.com\/fr\/wp-json\/wp\/v2\/comments?post=193894"}],"version-history":[{"count":9,"href":"https:\/\/odigo.com\/fr\/wp-json\/wp\/v2\/pages\/193894\/revisions"}],"predecessor-version":[{"id":196196,"href":"https:\/\/odigo.com\/fr\/wp-json\/wp\/v2\/pages\/193894\/revisions\/196196"}],"wp:attachment":[{"href":"https:\/\/odigo.com\/fr\/wp-json\/wp\/v2\/media?parent=193894"}],"wp:term":[{"taxonomy":"topic","embeddable":true,"href":"https:\/\/odigo.com\/fr\/wp-json\/wp\/v2\/topic?post=193894"}],"curies":[{"name":"wp","href":"https:\/\/api.w.org\/{rel}","templated":true}]}}