{"id":3511,"date":"2021-04-22T09:39:00","date_gmt":"2021-04-22T09:39:00","guid":{"rendered":"https:\/\/www.odigo.com\/?page_id=3511"},"modified":"2026-03-21T21:34:04","modified_gmt":"2026-03-21T20:34:04","slug":"conditions-generales","status":"publish","type":"page","link":"https:\/\/odigo.com\/fr\/conditions-generales\/","title":{"rendered":"Conditions g\u00e9n\u00e9rales"},"content":{"rendered":"\t\t<div data-elementor-type=\"wp-page\" data-elementor-id=\"3511\" class=\"elementor elementor-3511\" data-elementor-post-type=\"page\">\n\t\t\t\t<div class=\"elementor-element elementor-element-3ad4de89 e-flex e-con-boxed e-con e-parent\" data-id=\"3ad4de89\" data-element_type=\"container\" data-e-type=\"container\">\n\t\t\t\t\t<div class=\"e-con-inner\">\n\t\t\t\t<div class=\"elementor-element elementor-element-66d6950 elementor-widget elementor-widget-heading\" data-id=\"66d6950\" data-element_type=\"widget\" data-e-type=\"widget\" data-widget_type=\"heading.default\">\n\t\t\t\t\t<h1 class=\"elementor-heading-title elementor-size-default\">Conditions G\u00e9n\u00e9rales d\u2019Utilisation<\/h1>\t\t\t\t<\/div>\n\t\t\t\t<div class=\"elementor-element elementor-element-4723fba1 elementor-widget elementor-widget-text-editor\" data-id=\"4723fba1\" data-element_type=\"widget\" data-e-type=\"widget\" data-widget_type=\"text-editor.default\">\n\t\t\t\t\t\t\t\t\t\n<section class=\"undefined   section article-body page-article-body article-white\">\n<div class=\"container\">\n<div class=\"row\">\n<div class=\"col-12 article-text\">\n<h4><span style=\"color: #000000;\">Bienvenue sur\u00a0<a style=\"color: #000000;\" href=\"http:\/\/www.odigo.com\/fr-fr\">odigo.com<\/a>\u00a0!<\/span><\/h4>\n\n<p>Ce site internet est contr\u00f4l\u00e9 et g\u00e9r\u00e9 par\u00a0OdigoTM, dont le si\u00e8ge social se situe au 50, Cours de l&rsquo;Ile Seguin, 92100 Boulogne-Billancourt.<\/p>\n\n<p>L\u2019acc\u00e8s\u00a0et\u00a0l\u2019utilisation de\u00a0ce\u00a0site sont\u00a0soumis aux Conditions G\u00e9n\u00e9rales suivantes ainsi qu\u2019aux dispositions l\u00e9gales en vigueur.<\/p>\n\n<h3><strong>1) Acceptation<\/strong><\/h3>\n\n<p>En consultant le site d\u2019OdigoTM (la \u00ab Soci\u00e9t\u00e9 \u00bb) et\/ou en t\u00e9l\u00e9chargeant tout contenu sur ledit site, vous acceptez les Conditions G\u00e9n\u00e9rales d\u2019utilisation pr\u00e9sent\u00e9es ci-apr\u00e8s.<\/p>\n\n<h3><strong>2) Objectif du site<\/strong><\/h3>\n\n<p>Tous les supports h\u00e9berg\u00e9s sur le site d\u2019OdigoTM sont uniquement fournis \u00e0 titre indicatif et ne peuvent en aucun cas \u00eatre interpr\u00e9t\u00e9s comme une offre commerciale, une licence, un conseil ou une relation professionnelle entre vous et la Soci\u00e9t\u00e9. Le contenu fourni sur ce site n\u2019exon\u00e8re pas l\u2019utilisateur de proc\u00e9der par lui-m\u00eame au contr\u00f4le de l\u2019information fournie.<\/p>\n\n<p>Les informations fournies sur ce site peuvent concerner des produits ou services indisponibles dans votre pays et\/ou ind\u00e9finiment indisponibles.<\/p>\n\n<h3><strong>3) Disponibilit\u00e9 du site<\/strong><\/h3>\n\n<p>La Soci\u00e9t\u00e9 n\u2019est soumise \u00e0 aucune obligation de r\u00e9sultat concernant la disponibilit\u00e9 du site. La Soci\u00e9t\u00e9 se r\u00e9serve le droit de (i) modifier sans pr\u00e9avis les fonctionnalit\u00e9s du site et\/ou de (ii) suspendre, d\u2019interrompre ou de limiter l\u2019acc\u00e8s \u00e0 l\u2019int\u00e9gralit\u00e9 ou \u00e0 certaines parties du site sans pr\u00e9avis, notamment \u00e0 des fins de maintenance.<\/p>\n\n<h3><strong>4) Liens vers des sites Web tiers<\/strong><\/h3>\n\n<p>Les liens vers des sites Web tiers sont uniquement fournis \u00e0 titre indicatif et n\u2019impliquent aucunement une adh\u00e9sion ou une approbation de la part de la Soci\u00e9t\u00e9 envers lesdits sites, m\u00eame lorsque lesdits sites incluent le logo de la Soci\u00e9t\u00e9, car ils sont hors du contr\u00f4le de OdigoTM. La Soci\u00e9t\u00e9 ne peut donc \u00eatre tenue responsable du contenu publi\u00e9 sur les sites tiers li\u00e9s ou des liens figurant sur lesdits sites tiers. OdigoTM ne peut \u00eatre tenue responsable des pertes et dommages caus\u00e9s par l\u2019utilisation de ces sites. Vous \u00eates donc tenu(e) de vous prot\u00e9ger contre les virus, vers, chevaux de Troie et autres programmes malveillants potentiellement int\u00e9gr\u00e9s aux sites Web tiers. Vous \u00eates \u00e9galement tenu(e) de consulter et de respecter les conditions d\u2019utilisation applicables sur lesdits sites. Vous reconnaissez que tout encadrement du site Web de la Soci\u00e9t\u00e9 ou autre processus similaire est strictement interdit.<\/p>\n\n<h3><strong>5) Propri\u00e9t\u00e9 intellectuelle<\/strong><\/h3>\n\n<p>Le pr\u00e9sent site est prot\u00e9g\u00e9 par des droits de propri\u00e9t\u00e9 intellectuelle couvrant notamment les droits d\u2019auteur, les marques de commerce, les designs, les droits sui generis du fabricant de la base de donn\u00e9es, etc. Le pr\u00e9sent site est la propri\u00e9t\u00e9 exclusive de la Soci\u00e9t\u00e9.<\/p>\n\n<p>Tous les contenus h\u00e9berg\u00e9s sur le site, y compris, mais sans s\u2019y limiter les textes, donn\u00e9es, graphiques, images, sons, vid\u00e9os, logos, ic\u00f4nes ou le code HTML sont prot\u00e9g\u00e9s par la loi de propri\u00e9t\u00e9 intellectuelle et sont la propri\u00e9t\u00e9 de la Soci\u00e9t\u00e9 ou du propri\u00e9taire tiers.<\/p>\n\n<p>Vous \u00eates autoris\u00e9(e) \u00e0 copier, t\u00e9l\u00e9charger et imprimer ces supports \u00e0 des fins personnelles et non commerciales, conform\u00e9ment aux principes des lois de propri\u00e9t\u00e9 intellectuelle. Toute autre utilisation des contenus du site de la Soci\u00e9t\u00e9 sans autorisation \u00e9crite pr\u00e9alable de la Soci\u00e9t\u00e9 est strictement interdite. Il est donc strictement interdit de modifier les contenus h\u00e9berg\u00e9s sur le site de la Soci\u00e9t\u00e9.<\/p>\n\n<p>La non-conformit\u00e9 aux dispositions susmentionn\u00e9es peut constituer un acte de contrefa\u00e7on et\/ou de concurrence d\u00e9loyale et mettre en jeu votre responsabilit\u00e9 civile et\/ou p\u00e9nale.<\/p>\n\n<p>Marques d\u00e9pos\u00e9es et appartenant \u00e0 la Soci\u00e9t\u00e9 :<\/p>\n\n<ul>\n<li>Odigo<sup>TM<\/sup><\/li>\n<\/ul>\n\n<p>Les marques de commerce non d\u00e9tenues par la Soci\u00e9t\u00e9 et figurant sur le site de la Soci\u00e9t\u00e9 sont la propri\u00e9t\u00e9 de leurs d\u00e9tenteurs respectifs, lesquels peuvent ou non avoir un lien d\u2019affiliation, d\u2019association ou de parrainage avec la Soci\u00e9t\u00e9. Pour tout type d\u2019utilisation concernant les marques de commerce de la Soci\u00e9t\u00e9 ou d\u2019acteurs tiers, vous \u00eates tenu(e) de demander une autorisation pr\u00e9alable.<\/p>\n\n<p>Si vous avez connaissance d\u2019une infraction possible aux droits de propri\u00e9t\u00e9 intellectuelle de la Soci\u00e9t\u00e9 ou si vous estimez que vos droits de propri\u00e9t\u00e9 intellectuelle ont \u00e9t\u00e9 viol\u00e9s de quelque mani\u00e8re que ce soit par le contenu h\u00e9berg\u00e9 sur le site Web de la Soci\u00e9t\u00e9, contactez\u00a0<a href=\"mailto:contact.odigo.fr@odigo.com\">contact.odigo.fr@odigo.com<\/a>.<\/p>\n\n<p>Nous vous remercions de fournir autant de d\u00e9tails que possible (par exemple une description des droits d\u2019auteurs concern\u00e9s, une description des supports \u00e0 l\u2019origine de la violation d\u00e9clar\u00e9e, etc.). Veuillez noter que nous n\u2019ouvrons aucune pi\u00e8ce jointe \u00e0 ces messages, quelles que soient les circonstances.<\/p>\n\n<h3><strong>6) Garantie et responsabilit\u00e9<\/strong><\/h3>\n\n<p>Tous les supports, y compris les logiciels t\u00e9l\u00e9chargeables disponibles sur le site de la Soci\u00e9t\u00e9, sont fournis tels quels, sans aucune garantie, dans la mesure pr\u00e9vue par la loi applicable. La Soci\u00e9t\u00e9 ne garantit en aucune mani\u00e8re un acc\u00e8s ininterrompu \u00e0 son site. La Soci\u00e9t\u00e9 s\u2019engage \u00e0 d\u00e9ployer des efforts raisonnables pour fournir des informations fiables sur son site, mais sans garantir que ledit site soit exempt d\u2019erreurs, d\u2019inexactitudes et\/ou d\u2019omissions, de virus, de vers, de chevaux de Troie et autres logiciels malveillants, ou que son contenu soit adapt\u00e9 \u00e0 votre utilisation individuelle ou \u00e0 jour. En outre, la Soci\u00e9t\u00e9 se r\u00e9serve le droit de modifier lesdites informations \u00e0 tout moment et sans pr\u00e9avis. La Soci\u00e9t\u00e9 ne garantit pas les r\u00e9sultats li\u00e9s \u00e0 l\u2019utilisation des supports disponibles sur son site Web, y compris des logiciels t\u00e9l\u00e9chargeables.<\/p>\n\n<p>Vous \u00eates responsable de l\u2019utilisation des supports disponibles sur le site.<\/p>\n\n<p>Les informations pr\u00e9sent\u00e9es sur le site n\u2019\u00e9tendent pas ni ne modifient en aucune fa\u00e7on la garantie qui pourrait s\u2019appliquer au titre de votre relation contractuelle existante avec la Soci\u00e9t\u00e9. La Soci\u00e9t\u00e9 ne saurait \u00eatre tenue responsable des dommages indirects, cons\u00e9cutifs ou accidentels comme la perte de b\u00e9n\u00e9fices ou de revenus, l\u2019interruption op\u00e9rationnelle, la perte de donn\u00e9es r\u00e9sultant de l\u2019utilisation, de l\u2019incapacit\u00e9 d\u2019utiliser ou de l\u2019exploitation de tout support h\u00e9berg\u00e9 sur le site de la soci\u00e9t\u00e9 ou sur tout autre site dont le lien figure sur le site de la Soci\u00e9t\u00e9, ou en relation avec ladite utilisation, incapacit\u00e9 d\u2019utiliser ou exploitation.<\/p>\n\n<p>Dans tous les cas, la responsabilit\u00e9 de la Soci\u00e9t\u00e9 pour les dommages directs r\u00e9sultant de l\u2019utilisation, de l\u2019incapacit\u00e9 d\u2019utiliser ou de l\u2019exploitation de tout support h\u00e9berg\u00e9 sur le site de la soci\u00e9t\u00e9 ou sur tout autre site dont le lien figure sur le site de la Soci\u00e9t\u00e9, ou en relation avec ladite utilisation, incapacit\u00e9 d\u2019utiliser ou exploitation, ne saurait exc\u00e9der 1 000 \u20ac.<\/p>\n\n<h3><strong>7) Politique de confidentialit\u00e9 \u2013 utilisation des cookies<\/strong><\/h3>\n\n<p>Veuillez consulter notre\u00a0<a href=\"https:\/\/odigo.com\/fr-fr\/politique-de-confidentialite\/\">Politique de confidentialit\u00e9<\/a>\u00a0et notre politique relative \u00e0 l\u2019utilisation des Cookies pour savoir comment Odigo<sup>TM<\/sup>\u00a0respecte et assure la confidentialit\u00e9 de vos donn\u00e9es.<\/p>\n\n<h3><strong>8) Commentaires des utilisateurs<\/strong><\/h3>\n\n<p>La Soci\u00e9t\u00e9 n\u2019assume pas l\u2019obligation de surveiller les informations que vous \u00eates susceptible de publier sur son site.<\/p>\n\n<p>Vous garantissez que les informations, supports (le terme \u00ab Supports \u00bb d\u00e9signe les projets, fichiers ou autres pi\u00e8ces jointes qui nous sont transmis) ou commentaires autres que vos donn\u00e9es personnelles que vous transmettez \u00e0 la Soci\u00e9t\u00e9 via son site ne portent pas atteinte aux droits de la propri\u00e9t\u00e9 intellectuelle et \u00e0 toute autre loi en vigueur. Ces informations, Supports ou commentaires seront consid\u00e9r\u00e9s comme non confidentiels et non exclusifs. Vous garantissez que les informations, supports ou commentaires que vous transmettez \u00e0 la Soci\u00e9t\u00e9 via son site n\u2019affectent pas l\u2019int\u00e9grit\u00e9 et\/ou la s\u00e9curit\u00e9 du site et, en particulier, qu\u2019ils ne contiennent aucun virus, ver, cheval de Troie ou programme potentiellement malveillant.<\/p>\n\n<p>En envoyant ces informations ou Supports, vous donnez \u00e0 la Soci\u00e9t\u00e9 le droit illimit\u00e9 et irr\u00e9vocable d\u2019utiliser, de copier, d\u2019ex\u00e9cuter, de montrer, d\u2019afficher, de modifier et de transmettre vos informations, Supports ou commentaires, y compris tout concept, id\u00e9e ou savoir-faire sous-jacents, en tout ou partie, de quelque mani\u00e8re et sur quelque support que ce soit. La Soci\u00e9t\u00e9 se r\u00e9serve le droit d\u2019utiliser lesdites informations comme elle le souhaite.<\/p>\n\n<h3><strong>9)\u00a0<\/strong><strong>Droit applicable \u2013 Divisibilit\u00e9<\/strong><\/h3>\n\n<p>Toute r\u00e9clamation ou tout diff\u00e9rend en rapport avec les pr\u00e9sentes Conditions G\u00e9n\u00e9rales d\u2019utilisation ou avec la violation desdites Conditions sont soumis au droit fran\u00e7ais. Seul le Tribunal de commerce de Paris sera comp\u00e9tent en cas de litige. Si l\u2019une quelconque des pr\u00e9sentes Conditions G\u00e9n\u00e9rales d\u2019utilisation est tenue pour ill\u00e9gale, invalide ou inapplicable, les autres dispositions restent valides et en vigueur.<\/p>\n\n<h3><strong>10) Modification des Conditions G\u00e9n\u00e9rales d\u2019utilisation<\/strong><\/h3>\n\n<p>La Soci\u00e9t\u00e9 se r\u00e9serve le droit de modifier les pr\u00e9sentes Conditions G\u00e9n\u00e9rales d\u2019utilisation de son site \u00e0 tout moment et sans pr\u00e9avis. Vous serez alors automatiquement li\u00e9 par ces modifications lors de votre passage sur le site et devrez r\u00e9guli\u00e8rement consulter les Conditions G\u00e9n\u00e9rales d\u2019utilisation.<\/p>\n\n<h3><strong>11) Invalidit\u00e9 d\u2019une disposition<\/strong><\/h3>\n\n<p>La Soci\u00e9t\u00e9 se r\u00e9serve le droit de modifier les pr\u00e9sentes Conditions G\u00e9n\u00e9rales d\u2019utilisation de son site \u00e0 tout moment et sans pr\u00e9avis. Vous serez alors automatiquement li\u00e9 par ces modifications lors de votre passage sur le site et devrez r\u00e9guli\u00e8rement consulter les Conditions G\u00e9n\u00e9rales d\u2019utilisation.<\/p>\n\n<h3><strong>12) Divers<\/strong><\/h3>\n\n<p>Si l\u2019une des dispositions des Pr\u00e9sentes Conditions G\u00e9n\u00e9rales venait \u00e0 \u00eatre d\u00e9clar\u00e9e ill\u00e9gale, invalide ou inapplicable, cette disposition sera \u00e9cart\u00e9e sans que cela n\u2019affecte la validit\u00e9 des autres dispositions contenues dans les Pr\u00e9sentes.<\/p>\n\n<p>Sauf disposition contraire expresse, les Pr\u00e9sentes Conditions G\u00e9n\u00e9rales constituent l\u2019int\u00e9gralit\u00e9 de l\u2019accord vous liant \u00e0 OdigoTM concernant votre utilisation du site et de son contenu.<\/p>\n<\/div>\n<\/div>\n<\/div>\n<\/section>\n\t\t\t\t\t\t\t\t<\/div>\n\t\t\t\t\t<\/div>\n\t\t\t\t<\/div>\n\t\t\t\t<\/div>\n\t\t","protected":false},"excerpt":{"rendered":"<p>Conditions G\u00e9n\u00e9rales d\u2019Utilisation Bienvenue sur\u00a0odigo.com\u00a0! Ce site internet est contr\u00f4l\u00e9 et g\u00e9r\u00e9 par\u00a0OdigoTM, dont le si\u00e8ge social se situe au 50, Cours de l&rsquo;Ile Seguin, 92100 Boulogne-Billancourt. L\u2019acc\u00e8s\u00a0et\u00a0l\u2019utilisation de\u00a0ce\u00a0site sont\u00a0soumis aux Conditions G\u00e9n\u00e9rales suivantes ainsi qu\u2019aux dispositions l\u00e9gales en vigueur. 1) Acceptation En consultant le site d\u2019OdigoTM (la \u00ab Soci\u00e9t\u00e9 \u00bb) et\/ou en t\u00e9l\u00e9chargeant tout [&hellip;]<\/p>\n","protected":false},"author":1,"featured_media":0,"parent":0,"menu_order":0,"comment_status":"closed","ping_status":"closed","template":"","meta":{"_acf_changed":false,"footnotes":""},"topic":[],"class_list":["post-3511","page","type-page","status-publish","hentry"],"acf":[],"yoast_head":"<!-- This site is optimized with the Yoast SEO plugin v27.3 - https:\/\/yoast.com\/product\/yoast-seo-wordpress\/ -->\n<title>Conditions g\u00e9n\u00e9rales du site Odigo.com<\/title>\n<meta name=\"description\" content=\"Acc\u00e9dez aux conditions g\u00e9n\u00e9rales du site Odigo pour conna\u00eetre les conditions d\u2019utilisation et mentions r\u00e9glementaires de notre site.\" \/>\n<meta name=\"robots\" content=\"index, follow, max-snippet:-1, max-image-preview:large, max-video-preview:-1\" \/>\n<link rel=\"canonical\" href=\"https:\/\/odigo.com\/fr\/conditions-generales\/\" \/>\n<meta property=\"og:locale\" content=\"fr_FR\" \/>\n<meta property=\"og:type\" content=\"article\" \/>\n<meta property=\"og:title\" content=\"Conditions g\u00e9n\u00e9rales du site Odigo.com\" \/>\n<meta property=\"og:description\" content=\"Acc\u00e9dez aux conditions g\u00e9n\u00e9rales du site Odigo pour conna\u00eetre les conditions d\u2019utilisation et mentions r\u00e9glementaires de notre site.\" \/>\n<meta property=\"og:url\" content=\"https:\/\/odigo.com\/fr\/conditions-generales\/\" \/>\n<meta property=\"og:site_name\" content=\"Odigo\" \/>\n<meta property=\"article:modified_time\" content=\"2026-03-21T20:34:04+00:00\" \/>\n<meta name=\"twitter:card\" content=\"summary_large_image\" \/>\n<meta name=\"twitter:label1\" content=\"Dur\u00e9e de lecture estim\u00e9e\" \/>\n\t<meta name=\"twitter:data1\" content=\"8 minutes\" \/>\n<script type=\"application\/ld+json\" class=\"yoast-schema-graph\">{\"@context\":\"https:\\\/\\\/schema.org\",\"@graph\":[{\"@type\":\"WebPage\",\"@id\":\"https:\\\/\\\/odigo.com\\\/fr\\\/conditions-generales\\\/\",\"url\":\"https:\\\/\\\/odigo.com\\\/fr\\\/conditions-generales\\\/\",\"name\":\"Conditions g\u00e9n\u00e9rales du site Odigo.com\",\"isPartOf\":{\"@id\":\"https:\\\/\\\/odigo.com\\\/fr\\\/#website\"},\"datePublished\":\"2021-04-22T09:39:00+00:00\",\"dateModified\":\"2026-03-21T20:34:04+00:00\",\"description\":\"Acc\u00e9dez aux conditions g\u00e9n\u00e9rales du site Odigo pour conna\u00eetre les conditions d\u2019utilisation et mentions r\u00e9glementaires de notre site.\",\"breadcrumb\":{\"@id\":\"https:\\\/\\\/odigo.com\\\/fr\\\/conditions-generales\\\/#breadcrumb\"},\"inLanguage\":\"fr-FR\",\"potentialAction\":[{\"@type\":\"ReadAction\",\"target\":[\"https:\\\/\\\/odigo.com\\\/fr\\\/conditions-generales\\\/\"]}]},{\"@type\":\"BreadcrumbList\",\"@id\":\"https:\\\/\\\/odigo.com\\\/fr\\\/conditions-generales\\\/#breadcrumb\",\"itemListElement\":[{\"@type\":\"ListItem\",\"position\":1,\"name\":\"Accueil\",\"item\":\"https:\\\/\\\/odigo.com\\\/fr\\\/\"},{\"@type\":\"ListItem\",\"position\":2,\"name\":\"Conditions g\u00e9n\u00e9rales\"}]},{\"@type\":\"WebSite\",\"@id\":\"https:\\\/\\\/odigo.com\\\/fr\\\/#website\",\"url\":\"https:\\\/\\\/odigo.com\\\/fr\\\/\",\"name\":\"Odigo\",\"description\":\"\",\"publisher\":{\"@id\":\"https:\\\/\\\/odigo.com\\\/fr\\\/#organization\"},\"potentialAction\":[{\"@type\":\"SearchAction\",\"target\":{\"@type\":\"EntryPoint\",\"urlTemplate\":\"https:\\\/\\\/odigo.com\\\/fr\\\/?s={search_term_string}\"},\"query-input\":{\"@type\":\"PropertyValueSpecification\",\"valueRequired\":true,\"valueName\":\"search_term_string\"}}],\"inLanguage\":\"fr-FR\"},{\"@type\":\"Organization\",\"@id\":\"https:\\\/\\\/odigo.com\\\/fr\\\/#organization\",\"name\":\"Odigo\",\"url\":\"https:\\\/\\\/odigo.com\\\/fr\\\/\",\"logo\":{\"@type\":\"ImageObject\",\"inLanguage\":\"fr-FR\",\"@id\":\"https:\\\/\\\/odigo.com\\\/fr\\\/#\\\/schema\\\/logo\\\/image\\\/\",\"url\":\"https:\\\/\\\/odigo.com\\\/wp-content\\\/uploads\\\/2026\\\/03\\\/logo-odigo.svg\",\"contentUrl\":\"https:\\\/\\\/odigo.com\\\/wp-content\\\/uploads\\\/2026\\\/03\\\/logo-odigo.svg\",\"width\":142,\"height\":63,\"caption\":\"Odigo\"},\"image\":{\"@id\":\"https:\\\/\\\/odigo.com\\\/fr\\\/#\\\/schema\\\/logo\\\/image\\\/\"}}]}<\/script>\n<!-- \/ Yoast SEO plugin. -->","yoast_head_json":{"title":"Conditions g\u00e9n\u00e9rales du site Odigo.com","description":"Acc\u00e9dez aux conditions g\u00e9n\u00e9rales du site Odigo pour conna\u00eetre les conditions d\u2019utilisation et mentions r\u00e9glementaires de notre site.","robots":{"index":"index","follow":"follow","max-snippet":"max-snippet:-1","max-image-preview":"max-image-preview:large","max-video-preview":"max-video-preview:-1"},"canonical":"https:\/\/odigo.com\/fr\/conditions-generales\/","og_locale":"fr_FR","og_type":"article","og_title":"Conditions g\u00e9n\u00e9rales du site Odigo.com","og_description":"Acc\u00e9dez aux conditions g\u00e9n\u00e9rales du site Odigo pour conna\u00eetre les conditions d\u2019utilisation et mentions r\u00e9glementaires de notre site.","og_url":"https:\/\/odigo.com\/fr\/conditions-generales\/","og_site_name":"Odigo","article_modified_time":"2026-03-21T20:34:04+00:00","twitter_card":"summary_large_image","twitter_misc":{"Dur\u00e9e de lecture estim\u00e9e":"8 minutes"},"schema":{"@context":"https:\/\/schema.org","@graph":[{"@type":"WebPage","@id":"https:\/\/odigo.com\/fr\/conditions-generales\/","url":"https:\/\/odigo.com\/fr\/conditions-generales\/","name":"Conditions g\u00e9n\u00e9rales du site Odigo.com","isPartOf":{"@id":"https:\/\/odigo.com\/fr\/#website"},"datePublished":"2021-04-22T09:39:00+00:00","dateModified":"2026-03-21T20:34:04+00:00","description":"Acc\u00e9dez aux conditions g\u00e9n\u00e9rales du site Odigo pour conna\u00eetre les conditions d\u2019utilisation et mentions r\u00e9glementaires de notre site.","breadcrumb":{"@id":"https:\/\/odigo.com\/fr\/conditions-generales\/#breadcrumb"},"inLanguage":"fr-FR","potentialAction":[{"@type":"ReadAction","target":["https:\/\/odigo.com\/fr\/conditions-generales\/"]}]},{"@type":"BreadcrumbList","@id":"https:\/\/odigo.com\/fr\/conditions-generales\/#breadcrumb","itemListElement":[{"@type":"ListItem","position":1,"name":"Accueil","item":"https:\/\/odigo.com\/fr\/"},{"@type":"ListItem","position":2,"name":"Conditions g\u00e9n\u00e9rales"}]},{"@type":"WebSite","@id":"https:\/\/odigo.com\/fr\/#website","url":"https:\/\/odigo.com\/fr\/","name":"Odigo","description":"","publisher":{"@id":"https:\/\/odigo.com\/fr\/#organization"},"potentialAction":[{"@type":"SearchAction","target":{"@type":"EntryPoint","urlTemplate":"https:\/\/odigo.com\/fr\/?s={search_term_string}"},"query-input":{"@type":"PropertyValueSpecification","valueRequired":true,"valueName":"search_term_string"}}],"inLanguage":"fr-FR"},{"@type":"Organization","@id":"https:\/\/odigo.com\/fr\/#organization","name":"Odigo","url":"https:\/\/odigo.com\/fr\/","logo":{"@type":"ImageObject","inLanguage":"fr-FR","@id":"https:\/\/odigo.com\/fr\/#\/schema\/logo\/image\/","url":"https:\/\/odigo.com\/wp-content\/uploads\/2026\/03\/logo-odigo.svg","contentUrl":"https:\/\/odigo.com\/wp-content\/uploads\/2026\/03\/logo-odigo.svg","width":142,"height":63,"caption":"Odigo"},"image":{"@id":"https:\/\/odigo.com\/fr\/#\/schema\/logo\/image\/"}}]}},"_links":{"self":[{"href":"https:\/\/odigo.com\/fr\/wp-json\/wp\/v2\/pages\/3511","targetHints":{"allow":["GET"]}}],"collection":[{"href":"https:\/\/odigo.com\/fr\/wp-json\/wp\/v2\/pages"}],"about":[{"href":"https:\/\/odigo.com\/fr\/wp-json\/wp\/v2\/types\/page"}],"author":[{"embeddable":true,"href":"https:\/\/odigo.com\/fr\/wp-json\/wp\/v2\/users\/1"}],"replies":[{"embeddable":true,"href":"https:\/\/odigo.com\/fr\/wp-json\/wp\/v2\/comments?post=3511"}],"version-history":[{"count":10,"href":"https:\/\/odigo.com\/fr\/wp-json\/wp\/v2\/pages\/3511\/revisions"}],"predecessor-version":[{"id":1008191,"href":"https:\/\/odigo.com\/fr\/wp-json\/wp\/v2\/pages\/3511\/revisions\/1008191"}],"wp:attachment":[{"href":"https:\/\/odigo.com\/fr\/wp-json\/wp\/v2\/media?parent=3511"}],"wp:term":[{"taxonomy":"topic","embeddable":true,"href":"https:\/\/odigo.com\/fr\/wp-json\/wp\/v2\/topic?post=3511"}],"curies":[{"name":"wp","href":"https:\/\/api.w.org\/{rel}","templated":true}]}}